{"id":2677,"date":"2017-10-10T08:45:48","date_gmt":"2017-10-10T12:45:48","guid":{"rendered":"https:\/\/central.ca\/cms4000\/?page_id=2677"},"modified":"2017-10-10T08:45:48","modified_gmt":"2017-10-10T12:45:48","slug":"privacy-policy","status":"publish","type":"page","link":"https:\/\/central.ca\/fr\/privacy-policy\/","title":{"rendered":"Privacy Policy"},"content":{"rendered":"<div  class=\"mp-row-fluid motopress-row\">\n<div class=\"mp-span12 motopress-clmn\">\n<div class=\"row \">\n<div class=\"span12 \"><p>1. Conditions d'utilisation<br \/>\nVeuillez consulter les conditions d'utilisation suivantes avant d'utiliser ce site Web. En acc\u00e9dant, en parcourant ce site ou en t\u00e9l\u00e9chargeant des documents, vous acceptez de suivre et d'\u00eatre li\u00e9 par les Conditions d'utilisation \u00e9nonc\u00e9es dans le pr\u00e9sent document.<\/p>\n<p>2. Juridiction<br \/>\nCentral Microsystems 4000 Inc., Cendirect.com Inc., Centrale Distribution Inc. et The Central Group. sont tous bas\u00e9s dans la ville de Montr\u00e9al, dans la province de Qu\u00e9bec, au Canada. L'acc\u00e8s \u00e0 ce site Web est r\u00e9gi par toutes les lois f\u00e9d\u00e9rales, provinciales et locales applicables et, dans le cas du r\u00e9sident de l'utilisateur \u00e0 l'ext\u00e9rieur du Canada, peut \u00e9galement \u00eatre assujetti aux lois du pays o\u00f9 vous r\u00e9sidez. Si vous acc\u00e9dez \u00e0 ce site Web \u00e0 l'ext\u00e9rieur du Canada, vous le faites \u00e0 vos risques et p\u00e9rils et vous respectez les lois de votre juridiction. Tout litige d\u00e9coulant de l'utilisation du site Web sera r\u00e9gi par les lois de la province de Qu\u00e9bec, Canada.<\/p>\n<p>3. Disclaimer g\u00e9n\u00e9ral<br \/>\nLe Groupe de soci\u00e9t\u00e9s Central Microsystems a tent\u00e9 de fournir un contenu pr\u00e9cis et fiable, mais le contenu a \u00e9t\u00e9 compil\u00e9 \u00e0 partir de diverses sources. Central Microsystems d\u00e9cline toute responsabilit\u00e9 pour toute erreur ou toute omissions du contenu et d\u00e9cline toutes les garanties et toutes les garanties \/ ou des conditions, explicites ou implicites, quant au contenu et \u00e0 toute question relative au site Web.<\/p>\n<p>4. Lien vers des sites tiers<br \/>\nCe site Web contient des liens vers des sites tiers. Ces liens ont \u00e9t\u00e9 fournis uniquement pour les utilisateurs et ne constituent pas une approbation du contenu de ces sites tiers.<\/p>\n<p>5. R\u00e9visions du site<br \/>\nLe groupe de soci\u00e9t\u00e9s Central Microsystems se r\u00e9serve le droit de supprimer, ajouter ou modifier tout contenu du site, en tout ou en partie, \u00e0 sa seule discr\u00e9tion, \u00e0 tout moment, sans pr\u00e9avis.<\/p>\n<p>6. Droit de la vie priv\u00e9e<br \/>\nEn janvier 2004, la Loi sur la protection des renseignements personnels et les documents \u00e9lectroniques (LPRPDE) est entr\u00e9e en vigueur dans la plupart des provinces du Canada.<br \/>\n\u00abLa LPRPDE\u00bb exige que les particuliers, les soci\u00e9t\u00e9s de personnes, les entreprises et les autres \u00aborganisations\u00bb respectent 10 principes de gestion \u00e9quitable de l'information lors de la collecte, de l'utilisation et de la divulgation d'informations sur un individu identifiable (information personnelle) dans le cadre d'activit\u00e9s commerciales. Central Microsystems ne rassemble pas d'informations personnelles, sauf si vous la fournissez volontairement. Toute information que vous fournissez est prot\u00e9g\u00e9e par \u00abPIPEDA\u00bb. Pour plus d'informations sur la politique et les pratiques de confidentialit\u00e9 de Central Microsystems, veuillez nous contacter au (514) 367-3061.<\/p>\n<p>7. Copyright<br \/>\nTout le contenu inclus sur ce site est la propri\u00e9t\u00e9 de The Central Group ou de ses fournisseurs de contenu, tels que le texte, les graphiques, les logos, les ic\u00f4nes de boutons, les images, les clips audio, les clips vid\u00e9o, les t\u00e9l\u00e9chargements num\u00e9riques, les compilations de donn\u00e9es et les logiciels, et prot\u00e9g\u00e9s par Lois canadiennes et internationales sur le droit d'auteur. La compilation de tout le contenu sur ce site est la propri\u00e9t\u00e9 exclusive de The Central Group et est prot\u00e9g\u00e9e par les lois canadiennes et internationales sur le droit d'auteur. Tous les logiciels utilis\u00e9s sur ce site sont la propri\u00e9t\u00e9 de The Central Group ou de ses fournisseurs de logiciels et sont prot\u00e9g\u00e9s par les lois canadiennes et internationales sur le droit d'auteur. Sauf indication contraire, aucun des documents ne peut \u00eatre copi\u00e9, reproduit, distribu\u00e9, r\u00e9\u00e9dit\u00e9, traduit, t\u00e9l\u00e9charg\u00e9, affich\u00e9, publi\u00e9, communiqu\u00e9 au public par t\u00e9l\u00e9communication ou transmis sous quelque forme ou par quelque moyen que ce soit, y compris, mais sans s'y limiter, \u00e9lectronique, m\u00e9canique, photocopie, enregistrement, mise en miroir sur tout autre serveur, ou autrement, sans l'autorisation \u00e9crite pr\u00e9alable de The Central Group ou du titulaire du droit d'auteur. Toute utilisation non autoris\u00e9e du mat\u00e9riel peut enfreindre les lois canadiennes et internationales sur le droit d'auteur, les lois sur les marques de commerce, les lois sur la protection de la vie priv\u00e9e et la publicit\u00e9, ainsi que les r\u00e8glements et les lois sur les communications.<\/p>\n<p>8. Marques commerciales<br \/>\nLes marques commerciales du Groupe Central ne peuvent \u00eatre utilis\u00e9es en relation avec un produit ou un service qui ne provient pas du groupe central ou d'un titulaire de licence, de mani\u00e8re \u00e0 susciter de la confusion chez les clients ou de mani\u00e8re \u00e0 d\u00e9nigrer ou discr\u00e9diter le groupe central. Toutes les autres marques commerciales qui ne sont pas la propri\u00e9t\u00e9 de The Central Group qui apparaissent sur ce site sont la propri\u00e9t\u00e9 de leurs propri\u00e9taires respectifs, qui peuvent ou non \u00eatre affili\u00e9s \u00e0, li\u00e9s ou sponsoris\u00e9s par The Central Group.<\/p><\/div>\n<\/div><!-- .row (end) -->\n<\/div>\n<\/div>\n","protected":false},"excerpt":{"rendered":"","protected":false},"author":5,"featured_media":0,"parent":0,"menu_order":10,"comment_status":"open","ping_status":"closed","template":"page-fullwidth.php","meta":{"footnotes":""},"class_list":["post-2677","page","type-page","status-publish","hentry"],"_links":{"self":[{"href":"https:\/\/central.ca\/fr\/wp-json\/wp\/v2\/pages\/2677","targetHints":{"allow":["GET"]}}],"collection":[{"href":"https:\/\/central.ca\/fr\/wp-json\/wp\/v2\/pages"}],"about":[{"href":"https:\/\/central.ca\/fr\/wp-json\/wp\/v2\/types\/page"}],"author":[{"embeddable":true,"href":"https:\/\/central.ca\/fr\/wp-json\/wp\/v2\/users\/5"}],"replies":[{"embeddable":true,"href":"https:\/\/central.ca\/fr\/wp-json\/wp\/v2\/comments?post=2677"}],"version-history":[{"count":1,"href":"https:\/\/central.ca\/fr\/wp-json\/wp\/v2\/pages\/2677\/revisions"}],"predecessor-version":[{"id":2678,"href":"https:\/\/central.ca\/fr\/wp-json\/wp\/v2\/pages\/2677\/revisions\/2678"}],"wp:attachment":[{"href":"https:\/\/central.ca\/fr\/wp-json\/wp\/v2\/media?parent=2677"}],"curies":[{"name":"wp","href":"https:\/\/api.w.org\/{rel}","templated":true}]}}