{"id":2627,"date":"2017-09-07T16:21:20","date_gmt":"2017-09-07T20:21:20","guid":{"rendered":"https:\/\/central.ca\/cms4000\/?page_id=2627"},"modified":"2023-02-21T10:52:35","modified_gmt":"2023-02-21T14:52:35","slug":"contacts","status":"publish","type":"page","link":"https:\/\/central.ca\/fr\/contacts\/","title":{"rendered":"Contactez-nous"},"content":{"rendered":"<div class=\"row \">\n<div class=\"span12 \"><div class=\"google-map\"><iframe loading=\"lazy\" src=\"https:\/\/www.google.com\/maps\/embed\/v1\/place?q=place_id:EjEzNTAgUnVlIGRlcyDDiXJhYmxlcywgTGFjaGluZSwgUUMgSDhTIDJQOSwgQ2FuYWRh&amp;key=AIzaSyBVWBME3pABYjltPE4Vd20sTETorP6c7Pk&amp;language=fr-CA\" frameborder=\"0\" width=\"100%\" height=\"300\" marginwidth=\"0\" marginheight=\"0\" scrolling=\"no\"><\/iframe><\/div><\/div>\n<div class=\"span4 \"><h2>Contactez-nous<\/h2>\n<h5>Vos r\u00e9actions, vos commentaires et vos demandes de renseignements sont toujours les bienvenus.<\/h5>\n<p>Pour tout ce qui concerne les informations suppl\u00e9mentaires sur nos produits et nos services aussi que les renseignements sur une opportunit\u00e9 d'emploi avec l'\u00e9quipe de Central Microsystems, n'h\u00e9sitez pas \u00e0 nous contacter \u00e0 tout moment. Nous serons ravis de vous aider de notre mieux.<\/p>\n<address>\n<strong>Central Microsystems\u00a0Inc.<br \/>\n350 rue des Erables,<br \/>\nLachine, QC\u00a0H8S 2P9.<\/strong><br \/>\nSans Frais: +1 866.367.3061<br \/>\nT\u00e9l\u00e9phone: +1 514.367.3061<br \/>\nT\u00e9l\u00e9c: +1\u00a0514.367.4043<br \/>\n<!-- E-mail: <a href=\"mai_lto:info at central.ca\">info at central.ca<\/a>--><br \/>\n<\/address><!-- address (end) --><\/div>\n<div class=\"span8 \"><h2>Contact form<\/h2>\n\n<div class=\"wpcf7 no-js\" id=\"wpcf7-f2657-o1\" lang=\"en-US\" dir=\"ltr\" data-wpcf7-id=\"2657\">\n<div class=\"screen-reader-response\"><p role=\"status\" aria-live=\"polite\" aria-atomic=\"true\"><\/p> <ul><\/ul><\/div>\n<form action=\"\/fr\/wp-json\/wp\/v2\/pages\/2627#wpcf7-f2657-o1\" method=\"post\" class=\"wpcf7-form init\" aria-label=\"Formulaire de contact\" novalidate=\"novalidate\" data-status=\"init\">\n<fieldset class=\"hidden-fields-container\"><input type=\"hidden\" name=\"_wpcf7\" value=\"2657\" \/><input type=\"hidden\" name=\"_wpcf7_version\" value=\"6.1.4\" \/><input type=\"hidden\" name=\"_wpcf7_locale\" value=\"en_US\" \/><input type=\"hidden\" name=\"_wpcf7_unit_tag\" value=\"wpcf7-f2657-o1\" \/><input type=\"hidden\" name=\"_wpcf7_container_post\" value=\"0\" \/><input type=\"hidden\" name=\"_wpcf7_posted_data_hash\" value=\"\" \/><input type=\"hidden\" name=\"_wpcf7_recaptcha_response\" value=\"\" \/>\n<\/fieldset>\n<div class=\"row-fluid\">\n\t<p class=\"span4 field\"><span class=\"wpcf7-form-control-wrap\" data-name=\"votre-nom\"><input size=\"40\" maxlength=\"400\" class=\"wpcf7-form-control wpcf7-text wpcf7-validates-as-required\" aria-required=\"true\" aria-invalid=\"false\" placeholder=\"Nom:\" value=\"\" type=\"text\" name=\"votre-nom\" \/><\/span>\n\t<\/p>\n\t<p class=\"span4 field\"><span class=\"wpcf7-form-control-wrap\" data-name=\"votre-email\"><input size=\"40\" maxlength=\"400\" class=\"wpcf7-form-control wpcf7-email wpcf7-validates-as-required wpcf7-text wpcf7-validates-as-email\" aria-required=\"true\" aria-invalid=\"false\" placeholder=\"Courriel\" value=\"\" type=\"email\" name=\"votre-email\" \/><\/span>\n\t<\/p>\n\t<p class=\"span4 field\"><span class=\"wpcf7-form-control-wrap\" data-name=\"votre-telephone\"><input size=\"40\" maxlength=\"400\" class=\"wpcf7-form-control wpcf7-text\" aria-invalid=\"false\" placeholder=\"T\u00e9l\u00e9phone\" value=\"\" type=\"text\" name=\"votre-telephone\" \/><\/span>\n\t<\/p>\n<\/div>\n<p><span class=\"wpcf7-form-control-wrap\" data-name=\"menu-909\"><select class=\"wpcf7-form-control wpcf7-select\" aria-invalid=\"false\" name=\"menu-909\"><option value=\"Renseignements G\u00e9n\u00e9raux\">Renseignements G\u00e9n\u00e9raux<\/option><option value=\"Ares - Services G\u00e9r\u00e9s\">Ares - Services G\u00e9r\u00e9s<\/option><option value=\"Ares - Gestion de l&#039;Impression\">Ares - Gestion de l&#039;Impression<\/option><option value=\"Cerberus - S\u00e9curit\u00e9 G\u00e9r\u00e9e\">Cerberus - S\u00e9curit\u00e9 G\u00e9r\u00e9e<\/option><option value=\"Hermes - Messagerie Cloud\">Hermes - Messagerie Cloud<\/option><option value=\"Opportunit\u00e9s de Carri\u00e8re\">Opportunit\u00e9s de Carri\u00e8re<\/option><\/select><\/span>\n<\/p>\n<p class=\"champ\"><span class=\"wpcf7-form-control-wrap\" data-name=\"votre\"><textarea cols=\"40\" rows=\"10\" maxlength=\"2000\" class=\"wpcf7-form-control wpcf7-textarea\" aria-invalid=\"false\" placeholder=\"Message:\" name=\"votre\"><\/textarea><\/span>\n<\/p>\n<p><span class=\"wpcf7-form-control-wrap kc_captcha cf7ic-toggle\" data-name=\"kc_captcha\"><span class=\"wpcf7-form-control wpcf7-radio\"><span class=\"captcha-image\" style=\"display: none;\"><span class=\"cf7ic_instructions\">Svp prouvez que vous \u00eates un humain en s\u00e9lectionnant<span> La Tasse<\/span>.<\/span><label><input aria-label=\"1\" type=\"radio\" name=\"kc_captcha\" value=\"bot\" \/><svg aria-hidden=\"true\" role=\"img\" xmlns=\"http:\/\/www.w3.org\/2000\/svg\" viewBox=\"0 0 576 512\"><path fill=\"currentColor\" d=\"M488 313v143c0 13-11 24-24 24H348c-7 0-12-5-12-12V356c0-7-5-12-12-12h-72c-7 0-12 5-12 12v112c0 7-5 12-12 12H112c-13 0-24-11-24-24V313c0-4 2-7 4-10l188-154c5-4 11-4 16 0l188 154c2 3 4 6 4 10zm84-61l-84-69V44c0-6-5-12-12-12h-56c-7 0-12 6-12 12v73l-89-74a48 48 0 00-61 0L4 252c-5 4-5 12-1 17l25 31c5 5 12 5 17 1l235-193c5-4 11-4 16 0l235 193c5 5 13 4 17-1l25-31c4-6 4-13-1-17z\"\/><\/svg><\/label><label><input aria-label=\"2\" type=\"radio\" name=\"kc_captcha\" value=\"kc_human\" \/><svg aria-hidden=\"true\" role=\"img\" xmlns=\"http:\/\/www.w3.org\/2000\/svg\" viewBox=\"0 0 640 512\"><path fill=\"currentColor\" d=\"M192 384h192c53 0 96-43 96-96h32a128 128 0 000-256H120c-13 0-24 11-24 24v232c0 53 43 96 96 96zM512 96a64 64 0 010 128h-32V96h32zm48 384H48c-47 0-61-64-36-64h584c25 0 11 64-36 64z\"\/><\/svg><\/label><label><input aria-label=\"3\" type=\"radio\" name=\"kc_captcha\" value=\"bot\" \/><svg aria-hidden=\"true\" role=\"img\" xmlns=\"http:\/\/www.w3.org\/2000\/svg\" viewBox=\"0 0 576 512\"><path fill=\"currentColor\" d=\"M472 200H360L256 6a12 12 0 00-10-6h-58c-8 0-14 7-12 15l34 185H100l-35-58a12 12 0 00-10-6H12c-8 0-13 7-12 14l21 106L0 362c-1 7 4 14 12 14h43c4 0 8-2 10-6l35-58h110l-34 185c-2 8 4 15 12 15h58a12 12 0 0010-6l104-194h112c57 0 104-25 104-56s-47-56-104-56z\"\/><\/svg><\/label>\r\n    <\/span>\r\n    <span style=\"display:none\">\r\n        <input type=\"text\" name=\"kc_honeypot\">\r\n    <\/span><\/span><\/span>\n<\/p>\n<p class=\"submit-wrap\"><input type=\"reset\" value=\"effacer\" class=\"btn btn-primary\" \/><input class=\"wpcf7-form-control wpcf7-submit has-spinner btn btn-primary\" type=\"submit\" value=\"soumettre\" \/>\n<\/p>\n<!-- <input class=\"wpcf7-form-control wpcf7-submit has-spinner soumettre\" type=\"submit\" value=\"soumettre\" \/> --><div class=\"wpcf7-response-output\" aria-hidden=\"true\"><\/div>\n<\/form>\n<\/div>\n<\/div>\n<\/div><!-- .row (end) -->\n","protected":false},"excerpt":{"rendered":"","protected":false},"author":5,"featured_media":0,"parent":0,"menu_order":6,"comment_status":"open","ping_status":"closed","template":"page-fullwidth.php","meta":{"footnotes":""},"class_list":["post-2627","page","type-page","status-publish","hentry"],"_links":{"self":[{"href":"https:\/\/central.ca\/fr\/wp-json\/wp\/v2\/pages\/2627","targetHints":{"allow":["GET"]}}],"collection":[{"href":"https:\/\/central.ca\/fr\/wp-json\/wp\/v2\/pages"}],"about":[{"href":"https:\/\/central.ca\/fr\/wp-json\/wp\/v2\/types\/page"}],"author":[{"embeddable":true,"href":"https:\/\/central.ca\/fr\/wp-json\/wp\/v2\/users\/5"}],"replies":[{"embeddable":true,"href":"https:\/\/central.ca\/fr\/wp-json\/wp\/v2\/comments?post=2627"}],"version-history":[{"count":10,"href":"https:\/\/central.ca\/fr\/wp-json\/wp\/v2\/pages\/2627\/revisions"}],"predecessor-version":[{"id":2966,"href":"https:\/\/central.ca\/fr\/wp-json\/wp\/v2\/pages\/2627\/revisions\/2966"}],"wp:attachment":[{"href":"https:\/\/central.ca\/fr\/wp-json\/wp\/v2\/media?parent=2627"}],"curies":[{"name":"wp","href":"https:\/\/api.w.org\/{rel}","templated":true}]}}