{"id":2621,"date":"2017-09-07T14:53:02","date_gmt":"2017-09-07T18:53:02","guid":{"rendered":"https:\/\/central.ca\/cms4000\/?page_id=2621"},"modified":"2017-09-07T14:53:02","modified_gmt":"2017-09-07T18:53:02","slug":"cerberus","status":"publish","type":"page","link":"https:\/\/central.ca\/fr\/cerberus\/","title":{"rendered":"Cerberus"},"content":{"rendered":"<div class=\"title-box clearfix service-title\"><h2 class=\"title-box_primary\">Le Chien de Garde pour votre R\u00e9seau.<\/h2><\/div><!-- \/\/.title-box --> <img loading=\"lazy\" decoding=\"async\" class=\"alignleft size-full wp-image-1909\" src=\"https:\/\/central.ca\/cms4000\/wp-content\/uploads\/2017\/05\/cerberus3-1.png\" alt=\"service\" width=\"300\" height=\"277\" \/>Les menaces r\u00e9seau peuvent se produire n'importe quel moment, et vous paralyser avant d'\u00eatre conscients de sa pr\u00e9sence.<\/p>\n<p>Ex\u00e9cut\u00e9e en collaboration avec WatchGuard, Cerberus est con\u00e7u sp\u00e9cialement pour mener l'industrie dans la s\u00e9curit\u00e9 des r\u00e9seaux en offrant rapidit\u00e9 et fiabilit\u00e9. Cerberus met les sp\u00e9cialistes en charge de la s\u00e9curit\u00e9 avec cette solution de qualit\u00e9 sup\u00e9rieur qui convient \u00e0 toutes les entreprises, quel que soit votre budget, la taille de votre entreprise, ou la complexit\u00e9 de vos besoins. Assurez la viabilit\u00e9 \u00e0 longue terme en d\u00e9ployant un service de s\u00e9curit\u00e9 pour votre r\u00e9seau et rassurez-vous tout en sachant que votre protection est d'une importance primordiale. Cerberus anticipera les menaces les plus r\u00e9centes pour vous garder fonctionnelle et vous s\u00e9curiser contre le r\u00e9gime g\u00e9n\u00e9ral de protection des donn\u00e9es. Pour l'op\u00e9ration continue de vos affaires, vous pouvez appuyer sur nous. <div class=\"row-fluid \"><div class=\"span3\"><div class=\"title-box clearfix service-title1\"><h2 class=\"title-box_primary\">Avantages Cl\u00e9s:<\/h2><\/div><!-- \/\/.title-box --><div class=\"list styled custom-list\">\n<ul>\n<li><span style=\"color: #444444; font-size: small;\">Prix Mensuel Fixe<\/span><\/li>\n<li><span style=\"color: #444444; font-size: small;\">Soutien des Op\u00e9rations et Surveillance \u00e0 Distance<\/span><\/li>\n<li><span style=\"color: #444444; font-size: small;\">P\u00e9rennit\u00e9 du Technologie<\/span><\/li>\n<li><span style=\"color: #444444; font-size: small;\">Service \u00e0 la Client\u00e8le de Pr\u00e9f\u00e9rence<\/span><\/li>\n<\/ul>\n<\/div><\/div><div class=\"span3\"><div class=\"title-box clearfix service-title2\"><h2 class=\"title-box_primary\">Avantages Suppl\u00e9mentaires:<\/h2><\/div><!-- \/\/.title-box --><div class=\"list styled custom-list\">\n<ul>\n<li><span style=\"color: #444444; font-size: small;\">Les Meilleurs Mat\u00e9riels<\/span><\/li>\n<li><span style=\"color: #444444; font-size: small;\">\u00c9volutif pour vos Besoins Professionnels<\/span><\/li>\n<li><span style=\"color: #444444; font-size: small;\">R\u00e9duira vos D\u00e9penses en Capital<\/span><\/li>\n<li><span style=\"color: #444444; font-size: small;\">Mat\u00e9riel Inclus<\/span><\/li>\n<\/ul>\n<\/div><\/div><\/div> <!-- .row-fluid (end) -->\n<div class=\"title-box clearfix service-title\"><h2 class=\"title-box_primary\"><\/h2><\/div><!-- \/\/.title-box -->\n<div class=\"title-box clearfix service-title\"><h2 class=\"title-box_primary\">Menaces de S\u00e9curit\u00e9<\/h2><\/div><!-- \/\/.title-box -->\n<div class=\"row \"><div class=\"span6 \"><section class=\"lazy-load-box trigger effect-slidefromleft \" data-delay=\"200\" data-speed=\"800\" style=\"-webkit-transition: all 800ms ease; -moz-transition: all 800ms ease; -ms-transition: all 800ms ease; -o-transition: all 800ms ease; transition: all 800ms ease;\"><div class=\"title-box clearfix home1-title\"><span class=\"title-box_icon\"><img decoding=\"async\" src=\"https:\/\/central.ca\/cms4000\/wp-content\/themes\/theme53432\/images\/home3-1.png\" alt=\"\" \/><\/span><h2 class=\"title-box_primary\">Logiciel Malveillant Avanc\u00e9e<\/h2><h3 class=\"title-box_secondary\">Apr\u00e8s avoir exploit\u00e9es les vuln\u00e9rabilit\u00e9s du syst\u00e8me, un agresseur exposera vos ordinateurs aux maliciels afin de voler votre information ou refuser vos acc\u00e8s.<\/h3><\/div><!-- \/\/.title-box --><a href=\"ares-argent\" title=\"Plus\" class=\"btn btn-default btn-normal btn-inline home1-btn\" target=\"_self\">Plus<\/a><!-- .btn --><\/section><\/div>\n<div class=\"span6 \"><section class=\"lazy-load-box trigger effect-slidefromright \" data-delay=\"400\" data-speed=\"800\" style=\"-webkit-transition: all 800ms ease; -moz-transition: all 800ms ease; -ms-transition: all 800ms ease; -o-transition: all 800ms ease; transition: all 800ms ease;\"><div class=\"title-box clearfix home1-title\"><span class=\"title-box_icon\"><img decoding=\"async\" src=\"https:\/\/central.ca\/cms4000\/wp-content\/themes\/theme53432\/images\/home3-2.png\" alt=\"\" \/><\/span><h2 class=\"title-box_primary\">R\u00e9seau Mobile non S\u00e9curis\u00e9<\/h2><h3 class=\"title-box_secondary\">Les menaces contre les r\u00e9seaux mobiles sont nombreuses et souvent d\u00e9sastreux.  Quelque chose aussi simple qu'\u00e0 permettre un employ\u00e9 de brancher leur propre point d'acc\u00e8s sur votre r\u00e9seau pourra convier aux inconnus sans devoir \u00eatre sur les lieux.<\/h3><\/div><!-- \/\/.title-box --><a href=\"ares-platine\" title=\"Plus\" class=\"btn btn-default btn-normal btn-inline home1-btn\" target=\"_self\">Plus<\/a><!-- .btn --><\/section><\/div>\n<\/div><!-- .row (end) -->\n<div class=\"title-box clearfix service-title\"><h2 class=\"title-box_primary\"><\/h2><\/div><!-- \/\/.title-box -->\n<div class=\"row \"><div class=\"span6 \"><section class=\"lazy-load-box trigger effect-slideup \" data-delay=\"200\" data-speed=\"800\" style=\"-webkit-transition: all 800ms ease; -moz-transition: all 800ms ease; -ms-transition: all 800ms ease; -o-transition: all 800ms ease; transition: all 800ms ease;\"><div class=\"title-box clearfix home1-title\"><span class=\"title-box_icon\"><img decoding=\"async\" src=\"https:\/\/central.ca\/cms4000\/wp-content\/themes\/theme53432\/images\/home3-3.png\" alt=\"\" \/><\/span><h2 class=\"title-box_primary\">Angles Morts du R\u00e9seau<\/h2><h3 class=\"title-box_secondary\">Les Organizations peinent \u00e0 identifier des menaces dans un d\u00e9lai convenable parce qu'ils manquent une vue claire de leur environnement.  Les gestionnaires IT savent que les agresseurs proient sur les angles morts de votre r\u00e9seau, et op\u00e8rent avec grands succ\u00e8s, aussi bien que de graves cons\u00e9quences.<\/h3><\/div><!-- \/\/.title-box --><a href=\"ares-sig-or\" title=\"Plus\" class=\"btn btn-default btn-normal btn-inline home1-btn\" target=\"_self\">Plus<\/a><!-- .btn --><\/section><\/div>\n<div class=\"span6 \"><section class=\"lazy-load-box trigger effect-slideup \" data-delay=\"600\" data-speed=\"800\" style=\"-webkit-transition: all 800ms ease; -moz-transition: all 800ms ease; -ms-transition: all 800ms ease; -o-transition: all 800ms ease; transition: all 800ms ease;\"><div class=\"title-box clearfix home1-title\"><span class=\"title-box_icon\"><img decoding=\"async\" src=\"https:\/\/central.ca\/cms4000\/wp-content\/themes\/theme53432\/images\/home3-4.png\" alt=\"\" \/><\/span><h2 class=\"title-box_primary\">Ran\u00e7ongiciel<\/h2><h3 class=\"title-box_secondary\">Que vous l\u2019obteniez par des sites malveillants ou corrompus, des fichiers joints, ou par des faiblesses de s\u00e9curit\u00e9, le ran\u00e7ongiciel repr\u00e9sente une des plus grandes menaces actuelles pour les entreprises.<\/h3><\/div><!-- \/\/.title-box --><a href=\"ares-sig-platinum\" title=\"Plus\" class=\"btn btn-default btn-normal btn-inline home1-btn\" target=\"_self\">Plus<\/a><!-- .btn --><\/section><\/div>\n<\/div><!-- .row (end) -->\n","protected":false},"excerpt":{"rendered":"Les menaces r\u00e9seau peuvent se produire n'importe quel moment, et vous paralyser avant d'\u00eatre conscients de sa pr\u00e9sence. Ex\u00e9cut\u00e9e en collaboration avec WatchGuard, Cerberus est con\u00e7u sp\u00e9cialement pour mener l'industrie dans la s\u00e9curit\u00e9 des r\u00e9seaux en offrant rapidit\u00e9 et fiabilit\u00e9. Cerberus met les sp\u00e9cialistes en charge de la s\u00e9curit\u00e9 avec cette solution de qualit\u00e9 sup\u00e9rieur qui convient \u00e0 toutes les&nbsp;<a href=\"https:\/\/central.ca\/fr\/cerberus\/\" class=\"read-more\">Lire la suite<\/a>","protected":false},"author":5,"featured_media":0,"parent":0,"menu_order":0,"comment_status":"closed","ping_status":"closed","template":"page-fullwidth.php","meta":{"footnotes":""},"class_list":["post-2621","page","type-page","status-publish","hentry"],"_links":{"self":[{"href":"https:\/\/central.ca\/fr\/wp-json\/wp\/v2\/pages\/2621","targetHints":{"allow":["GET"]}}],"collection":[{"href":"https:\/\/central.ca\/fr\/wp-json\/wp\/v2\/pages"}],"about":[{"href":"https:\/\/central.ca\/fr\/wp-json\/wp\/v2\/types\/page"}],"author":[{"embeddable":true,"href":"https:\/\/central.ca\/fr\/wp-json\/wp\/v2\/users\/5"}],"replies":[{"embeddable":true,"href":"https:\/\/central.ca\/fr\/wp-json\/wp\/v2\/comments?post=2621"}],"version-history":[{"count":2,"href":"https:\/\/central.ca\/fr\/wp-json\/wp\/v2\/pages\/2621\/revisions"}],"predecessor-version":[{"id":2623,"href":"https:\/\/central.ca\/fr\/wp-json\/wp\/v2\/pages\/2621\/revisions\/2623"}],"wp:attachment":[{"href":"https:\/\/central.ca\/fr\/wp-json\/wp\/v2\/media?parent=2621"}],"curies":[{"name":"wp","href":"https:\/\/api.w.org\/{rel}","templated":true}]}}