{"id":2615,"date":"2017-08-31T14:36:56","date_gmt":"2017-08-31T18:36:56","guid":{"rendered":"https:\/\/central.ca\/cms4000\/?page_id=2615\/"},"modified":"2017-08-31T14:36:56","modified_gmt":"2017-08-31T18:36:56","slug":"dropbox","status":"publish","type":"page","link":"https:\/\/central.ca\/fr\/dropbox\/","title":{"rendered":"Dropbox"},"content":{"rendered":"<p><B>Dropbox Affaires<\/B> accorde \u00e0 votre \u00e9quipe la latitude de t\u00e9l\u00e9charger leurs fichiers de travail \u00e0 travers de tous les dispositifs.  Les outils d'administration puissants vous permettent de garder contr\u00f4le l'information de votre entreprise.  Des dossiers partag\u00e9s et liens rapides soutiendront votre \u00e9quipe sans difficult\u00e9.  Avec Dropbox, les membres de votre \u00e9quipe peuvent collaborer comme s\u2019ils \u00e9taient l'un devant l'autre m\u00eame-si ils sont \u00e0 l'autre bout du monde.  Dropbox pour Entreprise fonctionne avec tous les applications avec laquelle votre \u00e9quipe est d\u00e9j\u00e0 habitu\u00e9 - de Word et Excel \u00e0 Photoshop et Acrobat.  Avec soutien pour Windows, Android, iOS, Mac, et Linux, personne ne sera laiss\u00e9 pour compte.  Vous n'avez qu'\u00e0 cr\u00e9er un dossier et le partager pour collaborer instantan\u00e9ment.<br \/>\n<BR><BR><\/p>\n<p><B>Plans Disponibles:<\/B><\/p>\n<li><font size=\"2\" color=\"#0acfba\">Dropbox Affaires: Standard (Annuel)<\/font><\/li>\n<p>Le plan Standard pour Dropbox pour Affaires est id\u00e9ale pour des \u00e9quipes qui ont besoin d'un entreposage puissant et partageable, et des outils de collaboration.  Avec le plan Standard, clients auront acc\u00e8s \u00e0 certaines fonctions comme Smart Sync, Team Folders, et Dropbox Paper.  Ce qui inclus 2 TB d'entreposage et des options essentielles pour administration qui assurent la productivit\u00e9 et la s\u00e9curit\u00e9 de votre client\u00e8le.<\/p>\n<p><B>Entreposage: 2 TB inclus<\/B><\/p>\n<div class=\"title-box clearfix service-title\"><h2 class=\"title-box_primary\"><\/h2><\/div><!-- \/\/.title-box -->\n<li><font size=\"2\" color=\"#0acfba\">Dropbox Affaires: Standard (Mensuel)<\/font><\/li>\n<p>Le plan Standard pour Dropbox pour Affaires est id\u00e9ale pour des \u00e9quipes qui ont besoin d'un entreposage puissant et partageable, et des outils de collaboration.  Avec le plan Standard, clients auront acc\u00e8s \u00e0 certaines fonctions comme Smart Sync, Team Folders, et Dropbox Paper.  Ce qui inclus 2 TB d'entreposage et des options essentielles pour administration qui assurent la productivit\u00e9 et la s\u00e9curit\u00e9 de votre client\u00e8le.<\/p>\n<p><B>Entreposage: 2 TB inclus<\/B><\/p>\n<div class=\"title-box clearfix service-title\"><h2 class=\"title-box_primary\"><\/h2><\/div><!-- \/\/.title-box -->\n<li><font size=\"2\" color=\"#0acfba\">Dropbox Affaires: \u00c9volu\u00e9e (Annuel)<\/font><\/li>\n<p>Le plan \u00e9volu\u00e9 de DropBox pour Affaires est fait pour des \u00e9quipes et compagnies qui cherchent des options d'administration, de rapport de v\u00e9rification, et d'int\u00e9gration plus sophistiqu\u00e9s.  Avec ce plan, vos clients auront acc\u00e8s \u00e0 Smart Sync, Team Folders, et Dropbox Paper ainsi qu'autant d'entreposage souhait\u00e9.  Nous vous offrons des fonctions d'administration \u00e9labor\u00e9s pour les d\u00e9partements de TI qui n\u00e9cessitent plus de contr\u00f4le avec des options comme Demande d'Invitation, v\u00e9rification de domaine, et approbation pour p\u00e9riph\u00e9riques. Vos clients auront un acc\u00e8s illimit\u00e9 au API pour DIEM, DLP, IDM, DRM, et des millier d'autres partenaires, aussi bien que 25 000 appels API par mois avec partenaires de transport de donn\u00e9es.<\/p>\n<p><B>Entreposage: Au besoin<\/B><\/p>\n<div class=\"title-box clearfix service-title\"><h2 class=\"title-box_primary\"><\/h2><\/div><!-- \/\/.title-box -->\n<li><font size=\"2\" color=\"#0acfba\">Dropbox Affaires: \u00c9volu\u00e9e (Mensuel)<\/font><\/li>\n<p>Le plan \u00e9volu\u00e9 de DropBox pour Entreprise est fait pour des \u00e9quipes et compagnies qui cherchent des options d'administration, de rapport de v\u00e9rification, et d'int\u00e9gration plus sophistiqu\u00e9s.  Avec ce plan, vos clients auront acc\u00e8s \u00e0 Smart Sync, Team Folders, et Dropbox Paper ainsi qu'autant d'entreposage souhait\u00e9.  Nous vous offrons des fonctions d'administration \u00e9labor\u00e9s pour les d\u00e9partements de TI qui n\u00e9cessitent plus de contr\u00f4le avec des options comme Demande d'Invitation, v\u00e9rification de domaine, et approbation pour p\u00e9riph\u00e9riques. Vos clients auront un acc\u00e8s illimit\u00e9 au API pour DIEM, DLP, IDM, DRM, et des millier d'autres partenaires, aussi bien que 25 000 appels API par mois avec partenaires de transport de donn\u00e9es.<\/p>\n<p><B>Entreposage: Au besoin<\/B><\/p>\n<div class=\"title-box clearfix service-title\"><h2 class=\"title-box_primary\"><\/h2><\/div><!-- \/\/.title-box -->\n<li><font size=\"2\" color=\"#0acfba\">Dropbox Affaires: Entreprise (Annuel)<\/font><\/li>\n<p>Le plan Entreprise pour Dropbox Affaires est pour des grandes compagnies n\u00e9cessitant des solutions flexibles avec du support technique personnalis\u00e9.  Avec ce plan, les clients auront acc\u00e8s \u00e0 autant d'entreposage souhait\u00e9, un contr\u00f4le global, ainsi qu\u2019\u00e0 Smart Sync, Team Folders, et Dropbox Paper.  Le plan comporte un soutien technique qui adaptera au besoin de l'entreprise.  Le support d'administration \u00e9volu\u00e9e porte plusieurs fonctions, notamment le Enterprise Mobilit\u00e9 Management, Network Control, et Account Capture. Vos clients auront un acc\u00e8s illimit\u00e9 au API pour DIEM, DLP, IDM, DRM, et des millier d'autres partenaires, aussi bien que 25 000 appels API par mois avec partenaires de transport de donn\u00e9es.<\/p>\n<p><B>Entreposage:  Au besoin combin\u00e9es avec mesures de contr\u00f4le administratif de grade d'entreprise.<\/B><\/p>\n<p>Soutien pour services professionnels est inclus.<\/p>\n<div class=\"title-box clearfix service-title\"><h2 class=\"title-box_primary\"><\/h2><\/div><!-- \/\/.title-box -->\n<li><font size=\"2\" color=\"#0acfba\">Dropbox Affaires: Entreprise (Mensuel)<\/font><\/li>\n<p>Le plan Entreprise pour Dropbox Affaires est pour des grandes compagnies n\u00e9cessitant des solutions flexibles avec du support technique personnalis\u00e9.  Avec ce plan, les clients auront acc\u00e8s \u00e0 autant d'entreposage souhait\u00e9, un contr\u00f4le global, ainsi qu\u2019\u00e0 Smart Sync, Team Folders, et Dropbox Paper.  Le plan comporte un soutien technique qui adaptera au besoin de l'entreprise.  Le support d'administration \u00e9volu\u00e9e porte plusieurs fonctions, notamment le Enterprise Mobilit\u00e9 Management, Network Control, et Account Capture. Vos clients auront un acc\u00e8s illimit\u00e9 au API pour DIEM, DLP, IDM, DRM, et des millier d'autres partenaires, aussi bien que 25 000 appels API par mois avec partenaires de transport de donn\u00e9es.<\/p>\n<p><B>Entreposage:  Au besoin combin\u00e9es avec mesures de contr\u00f4le administratif de grade d'entreprise.<\/B><\/p>\n<p>Soutien pour services professionnels est inclus.<\/p>\n","protected":false},"excerpt":{"rendered":"Dropbox Affaires accorde \u00e0 votre \u00e9quipe la latitude de t\u00e9l\u00e9charger leurs fichiers de travail \u00e0 travers de tous les dispositifs. Les outils d'administration puissants vous permettent de garder contr\u00f4le l'information de votre entreprise. Des dossiers partag\u00e9s et liens rapides soutiendront votre \u00e9quipe sans difficult\u00e9. Avec Dropbox, les membres de votre \u00e9quipe peuvent collaborer comme s\u2019ils \u00e9taient l'un devant l'autre m\u00eame-si&nbsp;<a href=\"https:\/\/central.ca\/fr\/dropbox\/\" class=\"read-more\">Lire la suite<\/a>","protected":false},"author":5,"featured_media":0,"parent":0,"menu_order":0,"comment_status":"closed","ping_status":"closed","template":"page-fullwidth.php","meta":{"footnotes":""},"class_list":["post-2615","page","type-page","status-publish","hentry"],"_links":{"self":[{"href":"https:\/\/central.ca\/fr\/wp-json\/wp\/v2\/pages\/2615","targetHints":{"allow":["GET"]}}],"collection":[{"href":"https:\/\/central.ca\/fr\/wp-json\/wp\/v2\/pages"}],"about":[{"href":"https:\/\/central.ca\/fr\/wp-json\/wp\/v2\/types\/page"}],"author":[{"embeddable":true,"href":"https:\/\/central.ca\/fr\/wp-json\/wp\/v2\/users\/5"}],"replies":[{"embeddable":true,"href":"https:\/\/central.ca\/fr\/wp-json\/wp\/v2\/comments?post=2615"}],"version-history":[{"count":4,"href":"https:\/\/central.ca\/fr\/wp-json\/wp\/v2\/pages\/2615\/revisions"}],"predecessor-version":[{"id":2619,"href":"https:\/\/central.ca\/fr\/wp-json\/wp\/v2\/pages\/2615\/revisions\/2619"}],"wp:attachment":[{"href":"https:\/\/central.ca\/fr\/wp-json\/wp\/v2\/media?parent=2615"}],"curies":[{"name":"wp","href":"https:\/\/api.w.org\/{rel}","templated":true}]}}