{"id":2611,"date":"2017-08-31T14:12:37","date_gmt":"2017-08-31T18:12:37","guid":{"rendered":"https:\/\/central.ca\/cms4000\/?page_id=2611\/"},"modified":"2017-08-31T14:20:23","modified_gmt":"2017-08-31T18:20:23","slug":"hermes-office-365","status":"publish","type":"page","link":"https:\/\/central.ca\/fr\/hermes-office-365\/","title":{"rendered":"Hermes &#8211; Office 365"},"content":{"rendered":"<p><b>Les Outils N\u00e9cessaires<\/b><br \/>\nQue vous travaillez au bureau ou \u00e0 l\u2019ext\u00e9rieur, vous obtenez des outils de productivit\u00e9 d\u2019excellence. Les plus r\u00e9centes versions des logiciels Office qui vous permettent de cr\u00e9er, modifier, et partager \u00e9galement de vos plateformes PC\/Mac que votre syst\u00e8me d\u2019exploitation soit IOS, Android, ou Windows.<\/p>\n<p><b>Travailler partout avec les outils qui vous sont familiers<\/b><br \/>\nOffice 365 vous fourni les applications qui vous sont familiers tout en assurant l'accessibilit\u00e9 et l'actualit\u00e9 de vos fichiers. Que vous soyez connect\u00e9 ou hors ligne, au bureau ou \u00e0 l'ext\u00e9rieur, PC, Mac, iPad\u00ae, Android\u2122, sur votre tablet ou mobile, obtenez ce que vous souhaitez.<\/p>\n<p><b>Obtenir le desktop Office<\/b><br \/>\nAvec plusieurs plans Office 365, vous pouvez installer les versions compl\u00e8tes des applications Office sur tous vos dispositifs afin de travailler hors-ligne. Tooltip avec information selon la compatibilit\u00e9 de certains plans Office 365 avec versions ant\u00e9rieurs d'applications Office.<\/p>\n<p><b>Administration Facile<\/b><br \/>\nLes applications Office 365 demeuront \u00e0 jour et sont facile \u00e0 g\u00e9rer et utiliser, cela vous donnera plus de temps \u00e0 consacrer sur vos travaux.<\/p>\n<div class=\"row-fluid \"><\/div> <!-- .row-fluid (end) --><div class=\"span3\"><\/div><div class=\"title-box clearfix service-title1\"><h2 class=\"title-box_primary\">Avantages Cl\u00e9s:<\/h2><\/div><!-- \/\/.title-box --><div class=\"list styled custom-list\"><\/div>\n<ul>\n<li><span style=\"color: #0acfba; font size=\"2\";\"> Facturation mensuelle pr\u00e9visible ou prix annuel<\/span><\/li>\n<li><span style=\"color: #0acfba; font size=\"2\";\">Outils de gestion et reportage bas\u00e9s sur le Cloud<\/span><\/li>\n<li><span style=\"color: #0acfba; font size=\"2\";\">S\u00e9curit\u00e9 int\u00e9gr\u00e9e, autorit\u00e9 sur conformit\u00e9 et confidentialit\u00e9<\/span><\/li>\n<li><span style=\"color: #0acfba; font size=\"2\";\">Toujours la derni\u00e8re version de vos logiciels<\/span><\/li>\n<li><span style=\"color: #0acfba; font size=\"2\";\">Augmenter ou diminuer vos param\u00e8tres aux besoins de votre commerce.<\/span><\/li>\n<\/ul>\n<div class=\"row \"><div class=\"span6 \"><section class=\"lazy-load-box trigger effect-slidefromleft \" data-delay=\"200\" data-speed=\"800\" style=\"-webkit-transition: all 800ms ease; -moz-transition: all 800ms ease; -ms-transition: all 800ms ease; -o-transition: all 800ms ease; transition: all 800ms ease;\"><div class=\"title-box clearfix home1-title\"><span class=\"title-box_icon\"><img decoding=\"async\" src=\"https:\/\/central.ca\/cms4000\/wp-content\/themes\/theme53432\/images\/home2.png\" alt=\"\" \/><\/span><h2 class=\"title-box_primary\">Office 365 Business Premium<\/h2><h3 class=\"title-box_secondary\"><br \/>\n-H\u00e9bergement courriel de classe entreprise avec messagerie 50 GO.<br \/>\n-Domaine courriel personnalis\u00e9<br \/>\n-Versions desktop de logiciels Office 2016: Outlook, Word, Excel, PowerPoint, OneNote, Access, et Publisher<br \/>\n-Versions web de Outlook, Word, Excel, et PowerPoint<br \/>\n-Une licence couvera 5 PCs ou Mac, mobiles, ou 5 tablets par usager<\/h3><\/div><!-- \/\/.title-box --><\/section><\/div>\n<div class=\"span6 \"><section class=\"lazy-load-box trigger effect-slidefromright \" data-delay=\"400\" data-speed=\"800\" style=\"-webkit-transition: all 800ms ease; -moz-transition: all 800ms ease; -ms-transition: all 800ms ease; -o-transition: all 800ms ease; transition: all 800ms ease;\"><div class=\"title-box clearfix home1-title\"><span class=\"title-box_icon\"><img decoding=\"async\" src=\"https:\/\/central.ca\/cms4000\/wp-content\/themes\/theme53432\/images\/home2.png\" alt=\"\" \/><\/span><h2 class=\"title-box_primary\">Office 365 E3<\/h2><h3 class=\"title-box_secondary\"><br \/>\n-Versions desktop d'applications Office 2016: Outlook, Word, Excel, PowerPoint, OneNote, Access et Publisher<br \/>\n-Entreposage illimit\u00e9 pour OneDrive<br \/>\n-D\u00e9tient des droits eDiscovery<br \/>\n-eDiscovery export et case management, gestion de droits r\u00e9els, pr\u00e9vention des pertes et cryptage des donn\u00e9es.<\/h3><\/div><!-- \/\/.title-box --><\/section><\/div>\n<\/div><!-- .row (end) -->\n","protected":false},"excerpt":{"rendered":"Les Outils N\u00e9cessaires Que vous travaillez au bureau ou \u00e0 l\u2019ext\u00e9rieur, vous obtenez des outils de productivit\u00e9 d\u2019excellence. Les plus r\u00e9centes versions des logiciels Office qui vous permettent de cr\u00e9er, modifier, et partager \u00e9galement de vos plateformes PC\/Mac que votre syst\u00e8me d\u2019exploitation soit IOS, Android, ou Windows. Travailler partout avec les outils qui vous sont familiers Office 365 vous fourni&nbsp;<a href=\"https:\/\/central.ca\/fr\/hermes-office-365\/\" class=\"read-more\">Lire la suite<\/a>","protected":false},"author":5,"featured_media":0,"parent":0,"menu_order":0,"comment_status":"closed","ping_status":"closed","template":"page-fullwidth.php","meta":{"footnotes":""},"class_list":["post-2611","page","type-page","status-publish","hentry"],"_links":{"self":[{"href":"https:\/\/central.ca\/fr\/wp-json\/wp\/v2\/pages\/2611","targetHints":{"allow":["GET"]}}],"collection":[{"href":"https:\/\/central.ca\/fr\/wp-json\/wp\/v2\/pages"}],"about":[{"href":"https:\/\/central.ca\/fr\/wp-json\/wp\/v2\/types\/page"}],"author":[{"embeddable":true,"href":"https:\/\/central.ca\/fr\/wp-json\/wp\/v2\/users\/5"}],"replies":[{"embeddable":true,"href":"https:\/\/central.ca\/fr\/wp-json\/wp\/v2\/comments?post=2611"}],"version-history":[{"count":3,"href":"https:\/\/central.ca\/fr\/wp-json\/wp\/v2\/pages\/2611\/revisions"}],"predecessor-version":[{"id":2614,"href":"https:\/\/central.ca\/fr\/wp-json\/wp\/v2\/pages\/2611\/revisions\/2614"}],"wp:attachment":[{"href":"https:\/\/central.ca\/fr\/wp-json\/wp\/v2\/media?parent=2611"}],"curies":[{"name":"wp","href":"https:\/\/api.w.org\/{rel}","templated":true}]}}