{"id":2606,"date":"2017-08-22T12:06:20","date_gmt":"2017-08-22T16:06:20","guid":{"rendered":"https:\/\/central.ca\/cms4000\/?page_id=2606\/"},"modified":"2017-08-22T12:06:20","modified_gmt":"2017-08-22T16:06:20","slug":"hermes","status":"publish","type":"page","link":"https:\/\/central.ca\/fr\/hermes\/","title":{"rendered":"Hermes"},"content":{"rendered":"<div class=\"title-box clearfix service-title\"><h2 class=\"title-box_primary\">HERMES \u2013 Services de collaboration et de messagerie bas\u00e9s sur le cloud.<\/h2><\/div><!-- \/\/.title-box --> <img loading=\"lazy\" decoding=\"async\" class=\"alignleft size-full wp-image-1909\" src=\"https:\/\/central.ca\/cms4000\/wp-content\/uploads\/2017\/04\/service.jpg\" alt=\"service\" width=\"300\" height=\"277\" \/>B\u00e9n\u00e9ficiez d\u2019un service d\u2019entreprise de collaboration et de messagerie bas\u00e9s sur le cloud sans devoir d\u00e9bourser pour le mat\u00e9riel, l\u2019entretien, les logiciels, ou le soutien.  Enti\u00e8rement g\u00e9r\u00e9 des nuages de l\u2019Olympe, Herm\u00e8s assiste \u00e0 rationaliser des \u00e9l\u00e9ments de votre entreprise afin d\u2019\u00e9viter l\u2019ex\u00e9cution obsol\u00e8tes des serveurs de transferts et de partage de fichiers.<div class=\"row-fluid \"><div class=\"span3\"><div class=\"title-box clearfix service-title1\"><h2 class=\"title-box_primary\">Aspects Techniques Principaux:<\/h2><\/div><!-- \/\/.title-box --><div class=\"list styled custom-list\">\n<ul>\n<li><font size=\"2\" color=\"#444444\">Performant avec un temps de disponibilit\u00e9 garantie  de 99.99%<\/font><\/li>\n<li><font size=\"2\" color=\"#444444\">Administr\u00e9 par le Cloud pour un entretien facile<\/font><\/li>\n<li><font size=\"2\" color=\"#444444\">Aucun mat\u00e9riel requis<\/font><\/li>\n<li><font size=\"2\" color=\"#444444\">Fourniture de service jour-m\u00eame<\/font><\/li>\n<li><font size=\"2\" color=\"#444444\">Acc\u00e8s hors-connexion, vous pouvez travailler sans internet.<\/font><\/li>\n<\/ul>\n<\/div><\/div><div class=\"span3\"><div class=\"title-box clearfix service-title2\"><h2 class=\"title-box_primary\">Avantages Commerciaux:<\/h2><\/div><!-- \/\/.title-box --><div class=\"list styled custom-list\">\n<ul>\n<li><font size=\"2\" color=\"#444444\">Facturation mensuelle pr\u00e9visible<\/font><\/li>\n<li><font size=\"2\" color=\"#444444\">\u00c9volutif pour vos besoins professionnels croissants<\/font><\/li>\n<li><font size=\"2\" color=\"#444444\">Ne vous inqui\u00e9tez quant \u00e0 obtenir la version la plus r\u00e9cente<\/font><\/li>\n<li><font size=\"2\" color=\"#444444\">Utilisez les co\u00fbts d\u2019exploitation de votre entreprise au lieu de vos d\u00e9penses en capital<\/font><\/li>\n<li><font size=\"2\" color=\"#444444\">Fonctionne sur des plateformes et appareils multiples<\/font><\/li>\n<\/ul>\n<\/div><\/div><\/div> <!-- .row-fluid (end) -->\n<div class=\"row \">\n<div class=\"span6 \"><div class=\"title-box clearfix service-title11\"><h2 class=\"title-box_primary\">Microsoft Office 365<\/h2><\/div><!-- \/\/.title-box --><\/div>\n<div class=\"span6 \"><div class=\"title-box clearfix service-title11\"><h2 class=\"title-box_primary\">Dropbox pour Entreprise<\/h2><\/div><!-- \/\/.title-box --><\/div>\n<div class=\"row \"><\/div><!-- .row (end) --><div class=\"span6 \"><section class=\"lazy-load-box trigger effect-slidefromleft \" data-delay=\"200\" data-speed=\"800\" style=\"-webkit-transition: all 800ms ease; -moz-transition: all 800ms ease; -ms-transition: all 800ms ease; -o-transition: all 800ms ease; transition: all 800ms ease;\"><div class=\"title-box clearfix home1-title\"><span class=\"title-box_icon\"><img decoding=\"async\" src=\"https:\/\/central.ca\/cms4000\/wp-content\/themes\/theme53432\/images\/home2.png\" alt=\"\" \/><\/span><h2 class=\"title-box_primary\">Microsoft Office 365 Entreprise<\/h2><h3 class=\"title-box_secondary\">Que vous travaillez au bureau ou \u00e0 l\u2019ext\u00e9rieur, vous obtenez des outils de productivit\u00e9 d\u2019excellence.  Les plus r\u00e9centes versions des logiciels Office qui vous permettent de cr\u00e9er, modifier, et partager \u00e9galement de vos plateformes PC\/Mac que votre syst\u00e8me d\u2019exploitation soit IOS, Android, ou Windows...<\/h3><\/div><!-- \/\/.title-box --><a href=\"office365\" title=\"Plus\" class=\"btn btn-default btn-normal btn-inline home1-btn\" target=\"_self\">Plus<\/a><!-- .btn --><\/section><\/div>\n<div class=\"span6 \"><section class=\"lazy-load-box trigger effect-slidefromright \" data-delay=\"400\" data-speed=\"800\" style=\"-webkit-transition: all 800ms ease; -moz-transition: all 800ms ease; -ms-transition: all 800ms ease; -o-transition: all 800ms ease; transition: all 800ms ease;\"><div class=\"title-box clearfix home1-title\"><span class=\"title-box_icon\"><img decoding=\"async\" src=\"https:\/\/central.ca\/cms4000\/wp-content\/themes\/theme53432\/images\/home2.png\" alt=\"\" \/><\/span><h2 class=\"title-box_primary\">Dropbox pour Entreprise<\/h2><h3 class=\"title-box_secondary\">Dropbox pour entreprise est la solution de partage et entreposage de fichiers o\u00f9 les employ\u00e9s et les administrateurs d\u2019informatique accordent leur confiance.  Dropbox pour entreprise aide \u00e0 la croissance de votre corporation tout en gardant vos donn\u00e9es confidentielles...<\/h3><\/div><!-- \/\/.title-box --><a href=\"Dropbox\" title=\"Plus\" class=\"btn btn-default btn-normal btn-inline home1-btn\" target=\"_self\">Plus<\/a><!-- .btn --><\/section><\/div>\n<\/div><!-- .row (end) -->\n","protected":false},"excerpt":{"rendered":"B\u00e9n\u00e9ficiez d\u2019un service d\u2019entreprise de collaboration et de messagerie bas\u00e9s sur le cloud sans devoir d\u00e9bourser pour le mat\u00e9riel, l\u2019entretien, les logiciels, ou le soutien. Enti\u00e8rement g\u00e9r\u00e9 des nuages de l\u2019Olympe, Herm\u00e8s assiste \u00e0 rationaliser des \u00e9l\u00e9ments de votre entreprise afin d\u2019\u00e9viter l\u2019ex\u00e9cution obsol\u00e8tes des serveurs de transferts et de partage de fichiers.","protected":false},"author":5,"featured_media":0,"parent":0,"menu_order":0,"comment_status":"closed","ping_status":"closed","template":"page-fullwidth.php","meta":{"footnotes":""},"class_list":["post-2606","page","type-page","status-publish","hentry"],"_links":{"self":[{"href":"https:\/\/central.ca\/fr\/wp-json\/wp\/v2\/pages\/2606","targetHints":{"allow":["GET"]}}],"collection":[{"href":"https:\/\/central.ca\/fr\/wp-json\/wp\/v2\/pages"}],"about":[{"href":"https:\/\/central.ca\/fr\/wp-json\/wp\/v2\/types\/page"}],"author":[{"embeddable":true,"href":"https:\/\/central.ca\/fr\/wp-json\/wp\/v2\/users\/5"}],"replies":[{"embeddable":true,"href":"https:\/\/central.ca\/fr\/wp-json\/wp\/v2\/comments?post=2606"}],"version-history":[{"count":3,"href":"https:\/\/central.ca\/fr\/wp-json\/wp\/v2\/pages\/2606\/revisions"}],"predecessor-version":[{"id":2609,"href":"https:\/\/central.ca\/fr\/wp-json\/wp\/v2\/pages\/2606\/revisions\/2609"}],"wp:attachment":[{"href":"https:\/\/central.ca\/fr\/wp-json\/wp\/v2\/media?parent=2606"}],"curies":[{"name":"wp","href":"https:\/\/api.w.org\/{rel}","templated":true}]}}