{"id":2575,"date":"2017-08-17T16:27:15","date_gmt":"2017-08-17T20:27:15","guid":{"rendered":"https:\/\/central.ca\/cms4000\/?page_id=2575\/"},"modified":"2017-08-17T16:27:38","modified_gmt":"2017-08-17T20:27:38","slug":"ares-sig-platinum","status":"publish","type":"page","link":"https:\/\/central.ca\/fr\/ares-sig-platinum\/","title":{"rendered":"ARES SIG Platine"},"content":{"rendered":"<p>ARES SIG Platine est un service de gestion d\u2019impression con\u00e7u pour \u00f4ter la t\u00e2che de g\u00e9rer vos imprimantes vous-m\u00eame.  Votre imprimante est livr\u00e9e, ce qui en fait partie de votre service.   Ceci est un plan de service complet livr\u00e9 directement \u00e0 partir de Lexmark pour assurer le rendement maximal pendant le cycle de vie de l\u2019appareil.  La surveillance \u00e0 distance contribue \u00e0 un service proactif continue et r\u00e9duira les interruptions non planifi\u00e9es. Mieux encore, vous<br \/>\nn\u2019\u00e9puiserez jamais vos r\u00e9serves de toner.  Une fois que vous recevez une alerte que votre cartouche est presque vide, nous allons vous exp\u00e9diez un remplacement. <\/p>\n<p>En partenariat avec Lexmark, Ares SIG Platine garanti que le bien-\u00eatre de votre imprimante est surveill\u00e9 par un sp\u00e9cialiste certifi\u00e9 par Lexmark et votre appareil est aliment\u00e9 avec des cartouches v\u00e9ritables de Lexmark.  De plus, les frais de toner sont fig\u00e9s jusqu\u2019\u00e0 5 ans lorsque vous participerez au programme ARES SIG Platine.  Des imprimantes aguerris et un programme de surveillance proactif sont ici pour all\u00e9ger vos soucis d\u2019impression.<br \/>\n<div class=\"row-fluid \"><\/div> <!-- .row-fluid (end) --><div class=\"span3\"><\/div><div class=\"title-box clearfix service-title1\"><h2 class=\"title-box_primary\">B\u00e9n\u00e9fices Cl\u00e9s:<\/h2><\/div><!-- \/\/.title-box --><div class=\"list styled custom-list\"><\/div>\n<ul>\n<li>\n<p><font size=\"2\" color=\"#0acfba\">Escomptes sur le mat\u00e9riel est compt\u00e9 dans le frais mensuel.<\/font><\/p>\n<\/li>\n<li>\n<p><font size=\"2\" color=\"#0acfba\">La meilleure assistance technique<\/font><\/p>\n<\/li>\n<li>\n<p><font size=\"2\" color=\"#0acfba\">Co\u00fbts pr\u00e9visibles pour tous vos fournitures d\u2019imprimerie<\/font><\/p>\n<\/li>\n<li>\n<p><font size=\"2\" color=\"#0acfba\">Sans paiements minimum<\/font><\/p>\n<\/li>\n<li>\n<p><font size=\"2\" color=\"#0acfba\">Aucun co\u00fbt initial<\/font><\/p>\n<\/li>\n<li>\n<p><font size=\"2\" color=\"#0acfba\">Rabais de 15-50% sur MSRP pour toners authentique Lexmark<\/font><\/p>\n<\/li>\n<\/ul>\n","protected":false},"excerpt":{"rendered":"ARES SIG Platine est un service de gestion d\u2019impression con\u00e7u pour \u00f4ter la t\u00e2che de g\u00e9rer vos imprimantes vous-m\u00eame. Votre imprimante est livr\u00e9e, ce qui en fait partie de votre service. Ceci est un plan de service complet livr\u00e9 directement \u00e0 partir de Lexmark pour assurer le rendement maximal pendant le cycle de vie de l\u2019appareil. La surveillance \u00e0 distance&nbsp;<a href=\"https:\/\/central.ca\/fr\/ares-sig-platinum\/\" class=\"read-more\">Lire la suite<\/a>","protected":false},"author":5,"featured_media":0,"parent":0,"menu_order":0,"comment_status":"closed","ping_status":"closed","template":"page-fullwidth.php","meta":{"footnotes":""},"class_list":["post-2575","page","type-page","status-publish","hentry"],"_links":{"self":[{"href":"https:\/\/central.ca\/fr\/wp-json\/wp\/v2\/pages\/2575","targetHints":{"allow":["GET"]}}],"collection":[{"href":"https:\/\/central.ca\/fr\/wp-json\/wp\/v2\/pages"}],"about":[{"href":"https:\/\/central.ca\/fr\/wp-json\/wp\/v2\/types\/page"}],"author":[{"embeddable":true,"href":"https:\/\/central.ca\/fr\/wp-json\/wp\/v2\/users\/5"}],"replies":[{"embeddable":true,"href":"https:\/\/central.ca\/fr\/wp-json\/wp\/v2\/comments?post=2575"}],"version-history":[{"count":0,"href":"https:\/\/central.ca\/fr\/wp-json\/wp\/v2\/pages\/2575\/revisions"}],"wp:attachment":[{"href":"https:\/\/central.ca\/fr\/wp-json\/wp\/v2\/media?parent=2575"}],"curies":[{"name":"wp","href":"https:\/\/api.w.org\/{rel}","templated":true}]}}