{"id":2571,"date":"2017-08-17T10:25:57","date_gmt":"2017-08-17T14:25:57","guid":{"rendered":"https:\/\/central.ca\/cms4000\/?page_id=2571\/"},"modified":"2017-08-17T10:25:57","modified_gmt":"2017-08-17T14:25:57","slug":"ares-sig-or","status":"publish","type":"page","link":"https:\/\/central.ca\/fr\/ares-sig-or\/","title":{"rendered":"ARES SIG Or"},"content":{"rendered":"<p>ARES SIG Or est un programme qui \u00e9tait con\u00e7u pour all\u00e9ger vos d\u00e9penses d\u2019impression.  Ce qui est unique \u00e0 ce programme, c\u2019est que vous n\u2019\u00eates pas oblig\u00e9 \u00e0 un contrat, ni de versements minimums mensuels.  Vous r\u00e9aliserez des \u00e9conomies lorsque vous achetez un nouveau imprimante ou cartouches de toner.  D\u2019ailleurs si vous avez besoins d\u2019accessoires pour votre imprimante, comme un bac suppl\u00e9mentaire, kit image, ou un plan d\u2019entretien prolong\u00e9, vous \u00e9pargnerez sur celles-ci aussi.  Est-ce que les co\u00fbts croissants de toner vous pr\u00e9occupent?   Avec Ares SIG Or, les frais de toner sont fig\u00e9s jusqu\u2019\u00e0 5 ans lorsque vous achetez une imprimante appartenant au programme.<\/p>\n<p>En partenariat avec Lexmark, Ares SIG Or vous donne la possibilit\u00e9 d\u2019acheter une imprimante d\u2019entreprise qui conviendra aux besoins de vos affaires, et vous offrent la flexibilit\u00e9 de r\u00e9approvisionner du toner selon votre horaire.  Regroupez les escomptes sur l\u2019achat de l\u2019imprimante, l\u2019accord de service prolong\u00e9 et toner pour maximiser la valeur de votre imprimante.  Imprimantes aguerries construit pour votre entreprise.<br \/>\n<div class=\"row-fluid \"><\/div> <!-- .row-fluid (end) --><div class=\"span3\"><\/div><div class=\"title-box clearfix service-title1\"><h2 class=\"title-box_primary\">Benefices Cles:<\/h2><\/div><!-- \/\/.title-box --><div class=\"list styled custom-list\"><\/div>\n<ul>\n<li><span style=\"color: #0acfba;\">Rabais de 10% \u00e0 35% sur MSRP pour imprimantes Lexmark <\/span><\/li>\n<li><span style=\"color: #0acfba;\">La meilleure assistance technique<\/span><\/li>\n<li><span style=\"color: #0acfba;\">Co\u00fbts pr\u00e9visibles pour tous vos fournitures d\u2019imprimerie<\/span><\/li>\n<li><span style=\"color: #0acfba;\">Sans paiements minimum<\/span><\/li>\n<li><span style=\"color: #0acfba;\">Sans frais cach\u00e9s<\/span><\/li>\n<li><span style=\"color: #0acfba;\">Rabais de 15-50% sur MSRP pour toners authentique Lexmark<\/span><\/li>\n<\/ul>\n","protected":false},"excerpt":{"rendered":"ARES SIG Or est un programme qui \u00e9tait con\u00e7u pour all\u00e9ger vos d\u00e9penses d\u2019impression. Ce qui est unique \u00e0 ce programme, c\u2019est que vous n\u2019\u00eates pas oblig\u00e9 \u00e0 un contrat, ni de versements minimums mensuels. Vous r\u00e9aliserez des \u00e9conomies lorsque vous achetez un nouveau imprimante ou cartouches de toner. D\u2019ailleurs si vous avez besoins d\u2019accessoires pour votre imprimante, comme un&nbsp;<a href=\"https:\/\/central.ca\/fr\/ares-sig-or\/\" class=\"read-more\">Lire la suite<\/a>","protected":false},"author":5,"featured_media":0,"parent":0,"menu_order":0,"comment_status":"closed","ping_status":"closed","template":"page-fullwidth.php","meta":{"footnotes":""},"class_list":["post-2571","page","type-page","status-publish","hentry"],"_links":{"self":[{"href":"https:\/\/central.ca\/fr\/wp-json\/wp\/v2\/pages\/2571","targetHints":{"allow":["GET"]}}],"collection":[{"href":"https:\/\/central.ca\/fr\/wp-json\/wp\/v2\/pages"}],"about":[{"href":"https:\/\/central.ca\/fr\/wp-json\/wp\/v2\/types\/page"}],"author":[{"embeddable":true,"href":"https:\/\/central.ca\/fr\/wp-json\/wp\/v2\/users\/5"}],"replies":[{"embeddable":true,"href":"https:\/\/central.ca\/fr\/wp-json\/wp\/v2\/comments?post=2571"}],"version-history":[{"count":0,"href":"https:\/\/central.ca\/fr\/wp-json\/wp\/v2\/pages\/2571\/revisions"}],"wp:attachment":[{"href":"https:\/\/central.ca\/fr\/wp-json\/wp\/v2\/media?parent=2571"}],"curies":[{"name":"wp","href":"https:\/\/api.w.org\/{rel}","templated":true}]}}