{"id":2564,"date":"2017-08-16T09:20:24","date_gmt":"2017-08-16T13:20:24","guid":{"rendered":"https:\/\/central.ca\/cms4000\/?page_id=2564\/"},"modified":"2017-08-18T15:47:46","modified_gmt":"2017-08-18T19:47:46","slug":"ares","status":"publish","type":"page","link":"https:\/\/central.ca\/fr\/ares\/","title":{"rendered":"ARES"},"content":{"rendered":"<div class=\"title-box clearfix service-title\"><h2 class=\"title-box_primary\">Plans De Soutien Pour Vos Pcs Et Imprimantes Qui Mettra Fin A Vos Luttes En Informatique<\/h2><\/div><!-- \/\/.title-box --> <img loading=\"lazy\" decoding=\"async\" class=\"alignleft size-full wp-image-1909\" src=\"https:\/\/central.ca\/cms4000\/wp-content\/uploads\/2017\/08\/Ares-Helm-Sideview.png\" alt=\"service\" width=\"300\" height=\"277\" \/>Quels sont les co\u00fbts d\u2019entretien pour vos PCs et Imprimantes? A quelle fr\u00e9quence les replacez-vous? Quels sont les r\u00e9percussions des immobilisations impr\u00e9vues. Combien de temps consacrez-vous aux mise \u00e0 jours et \u00e0 r\u00e9gler vos imprimantes? Toutes ces petites batailles s\u2019additionnent pour cr\u00e9er la grande guerre qui affrontent votre budget informatique. Accordez votre confiance \u00e0 Ares. Avec des co\u00fbts mensuelles pr\u00e9visibles et un service complet, Ares assura la fid\u00e9lit\u00e9 de votre arm\u00e9e en informatique, qui vous permettra de retourner \u00e0 vos affaires.<div class=\"row-fluid \"><div class=\"span3\"><div class=\"title-box clearfix service-title1\"><h2 class=\"title-box_primary\">Benefices Cles:<\/h2><\/div><!-- \/\/.title-box --><div class=\"list styled custom-list\">\n<ul>\n<li><span style=\"color: #494949; font-size: small;\">Tarifs mensuels fixes<\/span><\/li>\n<li><span style=\"color: #494949; font-size: small;\">Support technique \u00e0 distance<\/span><\/li>\n<li><span style=\"color: #494949; font-size: small;\">\u00c9volutif pour vos besoins professionnels<\/span><\/li>\n<li><span style=\"color: #494949; font-size: small;\">Assistance technique de pr\u00e9f\u00e9rence<\/span><\/li>\n<li><span style=\"color: #494949; font-size: small;\">\u00c9valuation d\u2019affaires r\u00e9gulier<\/span><\/li>\n<\/ul>\n<\/div><\/div><div class=\"span3\"><div class=\"title-box clearfix service-title2\"><h2 class=\"title-box_primary\">*Avantages Suppl\u00e9mentaires:<\/h2><\/div><!-- \/\/.title-box --><div class=\"list styled custom-list\">\n<ul>\n<li><span style=\"color: #494949; font-size: small;\">Les meilleurs mat\u00e9riels<\/span><\/li>\n<li><span style=\"color: #494949; font-size: small;\">Toujours couvert par la garantie<\/span><\/li>\n<li><span style=\"color: #494949; font-size: small;\">R\u00e9duira vos d\u00e9penses en capital<\/span><\/li>\n<li><span style=\"color: #494949; font-size: small;\">Mat\u00e9riels inclus<\/span><\/li>\n<li><span style=\"color: #494949; font-size: small;\">Nouveau mat\u00e9riel au 3 ans<\/span><\/li>\n<\/ul>\n<\/div><\/div><\/div> <!-- .row-fluid (end) -->\n<div class=\"row \"><div class=\"span4 \"><section class=\"lazy-load-box trigger effect-slidefromleft \" data-delay=\"200\" data-speed=\"800\" style=\"-webkit-transition: all 800ms ease; -moz-transition: all 800ms ease; -ms-transition: all 800ms ease; -o-transition: all 800ms ease; transition: all 800ms ease;\"><div class=\"title-box clearfix home1-title\"><span class=\"title-box_icon\"><img decoding=\"async\" src=\"https:\/\/central.ca\/cms4000\/wp-content\/themes\/theme53432\/images\/home-silver.png\" alt=\"\" \/><\/span><h2 class=\"title-box_primary\">ARES Argent<\/h2><h3 class=\"title-box_secondary\">ARES Argent dissipera la brume de la guerre et mettra fin aux frictions informatiques. Trouvez la paix dans l\u2019am\u00e9nagement et gestion de vos ordinateurs de bureau....<\/h3><\/div><!-- \/\/.title-box --><a href=\"ARES-ARGENT\" title=\"Plus\" class=\"btn btn-default btn-normal btn-inline home1-btn\" target=\"_self\">Plus<\/a><!-- .btn --><\/section><\/div>\n<div class=\"span4 \"><section class=\"lazy-load-box trigger effect-fade \" data-delay=\"600\" data-speed=\"800\" style=\"-webkit-transition: all 800ms ease; -moz-transition: all 800ms ease; -ms-transition: all 800ms ease; -o-transition: all 800ms ease; transition: all 800ms ease;\"><div class=\"title-box clearfix home1-title\"><span class=\"title-box_icon\"><img decoding=\"async\" src=\"https:\/\/central.ca\/cms4000\/wp-content\/themes\/theme53432\/images\/home-gold.png\" alt=\"\" \/><\/span><h2 class=\"title-box_primary\">ARES Or<\/h2><h3 class=\"title-box_secondary\">Obtenez des r\u00e9sultats sur le champ de bataille avec ARES Or...<\/h3><\/div><!-- \/\/.title-box --><a href=\"ARES-OR\" title=\"Plus\" class=\"btn btn-default btn-normal btn-inline home1-btn\" target=\"_self\">Plus<\/a><!-- .btn --><\/section><\/div>\n<div class=\"span4 \"><section class=\"lazy-load-box trigger effect-slidefromright \" data-delay=\"400\" data-speed=\"800\" style=\"-webkit-transition: all 800ms ease; -moz-transition: all 800ms ease; -ms-transition: all 800ms ease; -o-transition: all 800ms ease; transition: all 800ms ease;\"><div class=\"title-box clearfix home1-title\"><span class=\"title-box_icon\"><img decoding=\"async\" src=\"https:\/\/central.ca\/cms4000\/wp-content\/themes\/theme53432\/images\/home-platinum.png\" alt=\"\" \/><\/span><h2 class=\"title-box_primary\">ARES Platine<\/h2><h3 class=\"title-box_secondary\">ARES Platine vous am\u00e8nera l\u2019assurance de savoir que votre environnement PC est totalement prot\u00e9g\u00e9e avec cette offre compl\u00e8te. Nous discuterons vos besoins en informatique afin de concevoir une...<\/h3><\/div><!-- \/\/.title-box --><a href=\"ARES-PLATINE\" title=\"Plus\" class=\"btn btn-default btn-normal btn-inline home1-btn\" target=\"_self\">Plus<\/a><!-- .btn --><\/section><\/div>\n<\/div><!-- .row (end) -->\n<div class=\"title-box clearfix service-title\"><h2 class=\"title-box_primary\"><\/h2><\/div><!-- \/\/.title-box -->\n<div class=\"row \"><div class=\"span6 \"><section class=\"lazy-load-box trigger effect-slideup \" data-delay=\"200\" data-speed=\"800\" style=\"-webkit-transition: all 800ms ease; -moz-transition: all 800ms ease; -ms-transition: all 800ms ease; -o-transition: all 800ms ease; transition: all 800ms ease;\"><div class=\"title-box clearfix home1-title\"><span class=\"title-box_icon\"><img decoding=\"async\" src=\"https:\/\/central.ca\/cms4000\/wp-content\/themes\/theme53432\/images\/home-gold.png\" alt=\"\" \/><\/span><h2 class=\"title-box_primary\">ARES SIG OR<\/h2><h3 class=\"title-box_secondary\">ARES SIG Or est un programme qui \u00e9tait con\u00e7u pour all\u00e9ger vos d\u00e9penses d\u2019impression. Ce qui est unique \u00e0 ce programme, c\u2019est que vous n\u2019\u00eates pas oblig\u00e9 \u00e0 un contrat...<\/h3><\/div><!-- \/\/.title-box --><a href=\"ARES-SIG-OR\" title=\"Plus\" class=\"btn btn-default btn-normal btn-inline home1-btn\" target=\"_self\">Plus<\/a><!-- .btn --><\/section><\/div>\n<div class=\"span6 \"><section class=\"lazy-load-box trigger effect-slideup \" data-delay=\"600\" data-speed=\"800\" style=\"-webkit-transition: all 800ms ease; -moz-transition: all 800ms ease; -ms-transition: all 800ms ease; -o-transition: all 800ms ease; transition: all 800ms ease;\"><div class=\"title-box clearfix home1-title\"><span class=\"title-box_icon\"><img decoding=\"async\" src=\"https:\/\/central.ca\/cms4000\/wp-content\/themes\/theme53432\/images\/home-platinum.png\" alt=\"\" \/><\/span><h2 class=\"title-box_primary\">ARES SIG Platine<\/h2><h3 class=\"title-box_secondary\">ARES MPS Platinum is a managed print program designed to take the work out of managing your printers. Special to this program is your printer is delivered as part of a monthly service agreement...<\/h3><\/div><!-- \/\/.title-box --><a href=\"ARES-SIG-Platine\" title=\"Plus\" class=\"btn btn-default btn-normal btn-inline home1-btn\" target=\"_self\">Plus<\/a><!-- .btn --><\/section><\/div>\n<\/div><!-- .row (end) -->\n<div class=\"title-box clearfix service-title\"><h2 class=\"title-box_primary\"><\/h2><\/div><!-- \/\/.title-box -->\n<p>* Les avantages suppl\u00e9mentaires concernent les services offerts uniquement dans le cadre du programme ARES PLATINUM.<\/p>\n","protected":false},"excerpt":{"rendered":"Quels sont les co\u00fbts d\u2019entretien pour vos PCs et Imprimantes? A quelle fr\u00e9quence les replacez-vous? Quels sont les r\u00e9percussions des immobilisations impr\u00e9vues. Combien de temps consacrez-vous aux mise \u00e0 jours et \u00e0 r\u00e9gler vos imprimantes? Toutes ces petites batailles s\u2019additionnent pour cr\u00e9er la grande guerre qui affrontent votre budget informatique. Accordez votre confiance \u00e0 Ares. Avec des co\u00fbts mensuelles pr\u00e9visibles&nbsp;<a href=\"https:\/\/central.ca\/fr\/ares\/\" class=\"read-more\">Lire la suite<\/a>","protected":false},"author":5,"featured_media":0,"parent":0,"menu_order":0,"comment_status":"closed","ping_status":"closed","template":"page-fullwidth.php","meta":{"footnotes":""},"class_list":["post-2564","page","type-page","status-publish","hentry"],"_links":{"self":[{"href":"https:\/\/central.ca\/fr\/wp-json\/wp\/v2\/pages\/2564","targetHints":{"allow":["GET"]}}],"collection":[{"href":"https:\/\/central.ca\/fr\/wp-json\/wp\/v2\/pages"}],"about":[{"href":"https:\/\/central.ca\/fr\/wp-json\/wp\/v2\/types\/page"}],"author":[{"embeddable":true,"href":"https:\/\/central.ca\/fr\/wp-json\/wp\/v2\/users\/5"}],"replies":[{"embeddable":true,"href":"https:\/\/central.ca\/fr\/wp-json\/wp\/v2\/comments?post=2564"}],"version-history":[{"count":0,"href":"https:\/\/central.ca\/fr\/wp-json\/wp\/v2\/pages\/2564\/revisions"}],"wp:attachment":[{"href":"https:\/\/central.ca\/fr\/wp-json\/wp\/v2\/media?parent=2564"}],"curies":[{"name":"wp","href":"https:\/\/api.w.org\/{rel}","templated":true}]}}