{"id":2534,"date":"2017-05-05T00:00:02","date_gmt":"2017-05-05T04:00:02","guid":{"rendered":"https:\/\/central.ca\/cms4000\/?page_id=2534\/"},"modified":"2023-06-29T16:08:39","modified_gmt":"2023-06-29T20:08:39","slug":"home","status":"publish","type":"page","link":"https:\/\/central.ca\/fr\/","title":{"rendered":"Page d&#8217;Accueil"},"content":{"rendered":"<p>Page d'Accueil<\/p>\n<div  class=\"mp-row-fluid motopress-row\">\n<div class=\"mp-span12 motopress-clmn\">\n<div class=\"row \"><div class=\"span4 \"><section class=\"lazy-load-box trigger effect-slidefromleft \" data-delay=\"200\" data-speed=\"800\" style=\"-webkit-transition: all 800ms ease; -moz-transition: all 800ms ease; -ms-transition: all 800ms ease; -o-transition: all 800ms ease; transition: all 800ms ease;\"><div class=\"title-box clearfix home1-title\"><span class=\"title-box_icon\"><img decoding=\"async\" src=\"https:\/\/central.ca\/cms4000\/wp-content\/themes\/theme53432\/images\/home1.png\" alt=\"\" \/><\/span><h2 class=\"title-box_primary\">ARES PC DE BUREAU ET IMPRESSION<\/h2><h3 class=\"title-box_secondary\">Ne vous pr\u00e9occupez-pas avec des probl\u00e8mes techniques. Embauchez-vous avec Ar\u00e8s, un programme qui mobilise vos appareils de bureau pour le combat quotidien de gestion d\u2019affaires. <\/h3><\/div><!-- \/\/.title-box --><a href=\"Ares\" title=\"Plus\" class=\"btn btn-default btn-normal btn-inline home1-btn\" target=\"_self\">Plus<\/a><!-- .btn --><\/section><\/div>\n<div class=\"span4 \"><section class=\"lazy-load-box trigger effect-fade \" data-delay=\"600\" data-speed=\"800\" style=\"-webkit-transition: all 800ms ease; -moz-transition: all 800ms ease; -ms-transition: all 800ms ease; -o-transition: all 800ms ease; transition: all 800ms ease;\"><div class=\"title-box clearfix home1-title\"><span class=\"title-box_icon\"><img decoding=\"async\" src=\"https:\/\/central.ca\/cms4000\/wp-content\/themes\/theme53432\/images\/home2.png\" alt=\"\" \/><\/span><h2 class=\"title-box_primary\">HERMES COLLABORATION CLOUD<\/h2><h3 class=\"title-box_secondary\">Acc\u00e9dez vos fichiers, courriels, ou messagerie en tout temps de fa\u00e7on s\u00e9curitaire. Toujours rapide, toujours disponible, Herm\u00e8s \u00e9tait le messager des dieux, pourquoi pas pour votre entreprise? <\/h3><\/div><!-- \/\/.title-box --><a href=\"Hermes\" title=\"Plus\" class=\"btn btn-default btn-normal btn-inline home1-btn\" target=\"_self\">Plus<\/a><!-- .btn --><\/section><\/div>\n<div class=\"span4 \"><section class=\"lazy-load-box trigger effect-slidefromright \" data-delay=\"400\" data-speed=\"800\" style=\"-webkit-transition: all 800ms ease; -moz-transition: all 800ms ease; -ms-transition: all 800ms ease; -o-transition: all 800ms ease; transition: all 800ms ease;\"><div class=\"title-box clearfix home1-title\"><span class=\"title-box_icon\"><img decoding=\"async\" src=\"https:\/\/central.ca\/cms4000\/wp-content\/themes\/theme53432\/images\/home3.png\" alt=\"\" \/><\/span><h2 class=\"title-box_primary\">CERBERUS SECURITE DU RESEAU<\/h2><h3 class=\"title-box_secondary\">Prot\u00e9ger votre r\u00e9seau contre des menaces peut \u00eatre d\u00e9routante. Confiez cette t\u00e2che \u00e0 Cerberus - avec autant de t\u00eates qu\u2019il y existe de potentiel pour attaquer un r\u00e9seau, vous \u00e9viterez des risques avec ce chien de garde. <\/h3><\/div><!-- \/\/.title-box --><a href=\"Cerberus\" title=\"Plus\" class=\"btn btn-default btn-normal btn-inline home1-btn\" target=\"_self\">Plus<\/a><!-- .btn --><\/section><\/div>\n<\/div><!-- .row (end) -->\n<!--&#091;lazy_load_box effect=\"slideup\" speed=\"800\" delay=\"200\"&#093;&#091;title_box title=\"Enjoy Peace of Mind\" custom_class=\"proj-title\"&#093;&#091;posts_grid type=\"portfolio\" columns=\"3\" rows=\"1\" order_by=\"date\" order=\"DESC\" thumb_width=\"329\" thumb_height=\"165\" meta=\"yes\" excerpt_count=\"27\" link=\"no\" custom_class=\"home1-grid\"&#093;&#091;\/lazy_load_box&#093;--><br \/>\n<div class=\"row \">\n<div class=\"span6 \"><section class=\"lazy-load-box trigger effect-slidefromleft \" data-delay=\"200\" data-speed=\"800\" style=\"-webkit-transition: all 800ms ease; -moz-transition: all 800ms ease; -ms-transition: all 800ms ease; -o-transition: all 800ms ease; transition: all 800ms ease;\"><div class=\"title-box clearfix news-title\"><h2 class=\"title-box_primary\">Actualit\u00e9s<\/h2><\/div><!-- \/\/.title-box --><a href=\"blog\" title=\"Voir toutes les actualit\u00e9s\" class=\"btn btn-link btn-normal btn-inline news-btn\" target=\"_self\">Voir toutes les actualit\u00e9s<\/a><!-- .btn -->&nbsp;<ul class=\"recent-posts rowhome2-grid unstyled\"><\/ul><!-- .recent-posts (end) --><\/section><\/div>\n<div class=\"span6 \"><section class=\"lazy-load-box trigger effect-slidefromright \" data-delay=\"200\" data-speed=\"800\" style=\"-webkit-transition: all 800ms ease; -moz-transition: all 800ms ease; -ms-transition: all 800ms ease; -o-transition: all 800ms ease; transition: all 800ms ease;\"><div class=\"wrap\"><img loading=\"lazy\" decoding=\"async\" class=\"alignleft wp-image-2290 size-full\" src=\"https:\/\/central.ca\/cms4000\/wp-content\/uploads\/2017\/05\/jovan-e1494015854922.png\" alt=\"\" width=\"228\" height=\"393\"><div class=\"title-box clearfix wrap-title\"><h2 class=\"title-box_primary\">POURQUOI NOUS CHOISIR?<\/h2><h3 class=\"title-box_secondary\">Bonne question. Vous \u00eates pr\u00e9occup\u00e9, pourquoi nous donner la chance?<\/h3><\/div><!-- \/\/.title-box --> <div class=\"list styled custom-list\">\n<ul>\n<li><span style=\"color: #4a4a4a; font-size: small;\">Tout d\u2019abord, d\u00e9j\u00e0 40 ans en affaires<\/span><\/li>\n<li><span style=\"color: #4a4a4a; font-size: small;\">Nous recommandons ce que nous utilisons<\/span><\/li>\n<li><span style=\"color: #4a4a4a; font-size: small;\">Nous faisons partie du plus grand<br \/>\nr\u00e9seau de fournisseurs en IT au Canada<\/span><\/li>\n<li><span style=\"color: #4a4a4a; font-size: small;\">Gamme de services qui s\u2019adaptent<br \/>\naux besoins de votre entreprise<\/span><\/li>\n<\/ul>\n<\/div><\/div> <!-- fon (end) --><\/section><\/div>\n<\/div><!-- .row (end) --><div class=\"row \"><div class=\"span6 \"><section class=\"lazy-load-box trigger effect-rotate \" data-delay=\"200\" data-speed=\"800\" style=\"-webkit-transition: all 800ms ease; -moz-transition: all 800ms ease; -ms-transition: all 800ms ease; -o-transition: all 800ms ease; transition: all 800ms ease;\"><\/section><\/div><div class=\"span1 \"><\/div><div class=\"span5 \"><section class=\"lazy-load-box trigger effect-zoomin \" data-delay=\"200\" data-speed=\"800\" style=\"-webkit-transition: all 800ms ease; -moz-transition: all 800ms ease; -ms-transition: all 800ms ease; -o-transition: all 800ms ease; transition: all 800ms ease;\"><\/section><\/div><\/div><!-- .row (end) -->\n<section class=\"lazy-load-box trigger effect-slideup \" data-delay=\"200\" data-speed=\"800\" style=\"-webkit-transition: all 800ms ease; -moz-transition: all 800ms ease; -ms-transition: all 800ms ease; -o-transition: all 800ms ease; transition: all 800ms ease;\"><div class=\"wrap2\"><div class=\"row \">\n<div class=\"span2 \"><h5>Nos Fournisseurs et Partenaires Strat\u00e9giques<\/h5><\/div>\n<div class=\"span2 \"><img loading=\"lazy\" decoding=\"async\" class=\"alignleft wp-image-2303\" src=\"https:\/\/central.ca\/cms4000\/wp-content\/uploads\/2017\/05\/wgrd_logo_gray.png\" alt=\"\" width=\"153\" height=\"44\" srcset=\"https:\/\/central.ca\/cms4000\/wp-content\/uploads\/2017\/05\/wgrd_logo_gray.png 530w, https:\/\/central.ca\/cms4000\/wp-content\/uploads\/2017\/05\/wgrd_logo_gray-300x86.png 300w\" sizes=\"auto, (max-width: 153px) 100vw, 153px\" \/><\/div>\n<div class=\"span2 \"><img loading=\"lazy\" decoding=\"async\" class=\"alignleft wp-image-2304\" src=\"https:\/\/central.ca\/cms4000\/wp-content\/uploads\/2017\/05\/microsoftlogo.png\" alt=\"\" width=\"140\" height=\"44\" srcset=\"https:\/\/central.ca\/cms4000\/wp-content\/uploads\/2017\/05\/microsoftlogo.png 382w, https:\/\/central.ca\/cms4000\/wp-content\/uploads\/2017\/05\/microsoftlogo-300x94.png 300w\" sizes=\"auto, (max-width: 140px) 100vw, 140px\" \/><\/div>\n<div class=\"span2 \"><img loading=\"lazy\" decoding=\"async\" class=\"alignleft wp-image-2305\" src=\"https:\/\/central.ca\/cms4000\/wp-content\/uploads\/2017\/05\/lenovo_logo_pos_dark_gray.png\" alt=\"\" width=\"132\" height=\"44\" srcset=\"https:\/\/central.ca\/cms4000\/wp-content\/uploads\/2017\/05\/lenovo_logo_pos_dark_gray.png 1600w, https:\/\/central.ca\/cms4000\/wp-content\/uploads\/2017\/05\/lenovo_logo_pos_dark_gray-300x100.png 300w, https:\/\/central.ca\/cms4000\/wp-content\/uploads\/2017\/05\/lenovo_logo_pos_dark_gray-768x256.png 768w, https:\/\/central.ca\/cms4000\/wp-content\/uploads\/2017\/05\/lenovo_logo_pos_dark_gray-1024x341.png 1024w\" sizes=\"auto, (max-width: 132px) 100vw, 132px\" \/><\/div>\n<div class=\"span2 \"><img loading=\"lazy\" decoding=\"async\" class=\"alignleft wp-image-2306\" src=\"https:\/\/central.ca\/cms4000\/wp-content\/uploads\/2017\/05\/Lexmark-Logo.png\" alt=\"\" width=\"214\" height=\"44\" srcset=\"https:\/\/central.ca\/cms4000\/wp-content\/uploads\/2017\/05\/Lexmark-Logo.png 1374w, https:\/\/central.ca\/cms4000\/wp-content\/uploads\/2017\/05\/Lexmark-Logo-300x62.png 300w, https:\/\/central.ca\/cms4000\/wp-content\/uploads\/2017\/05\/Lexmark-Logo-768x158.png 768w, https:\/\/central.ca\/cms4000\/wp-content\/uploads\/2017\/05\/Lexmark-Logo-1024x211.png 1024w\" sizes=\"auto, (max-width: 214px) 100vw, 214px\" \/><\/div>\n<div class=\"span2 \"><\/div>\n<\/div><!-- .row (end) --><\/div> <!-- fon (end) --><\/section>\n<\/div>\n<\/div>\n","protected":false},"excerpt":{"rendered":"Page d'Accueil","protected":false},"author":1,"featured_media":0,"parent":0,"menu_order":0,"comment_status":"open","ping_status":"closed","template":"","meta":{"footnotes":""},"class_list":["post-2534","page","type-page","status-publish","hentry"],"_links":{"self":[{"href":"https:\/\/central.ca\/fr\/wp-json\/wp\/v2\/pages\/2534","targetHints":{"allow":["GET"]}}],"collection":[{"href":"https:\/\/central.ca\/fr\/wp-json\/wp\/v2\/pages"}],"about":[{"href":"https:\/\/central.ca\/fr\/wp-json\/wp\/v2\/types\/page"}],"author":[{"embeddable":true,"href":"https:\/\/central.ca\/fr\/wp-json\/wp\/v2\/users\/1"}],"replies":[{"embeddable":true,"href":"https:\/\/central.ca\/fr\/wp-json\/wp\/v2\/comments?post=2534"}],"version-history":[{"count":14,"href":"https:\/\/central.ca\/fr\/wp-json\/wp\/v2\/pages\/2534\/revisions"}],"predecessor-version":[{"id":3009,"href":"https:\/\/central.ca\/fr\/wp-json\/wp\/v2\/pages\/2534\/revisions\/3009"}],"wp:attachment":[{"href":"https:\/\/central.ca\/fr\/wp-json\/wp\/v2\/media?parent=2534"}],"curies":[{"name":"wp","href":"https:\/\/api.w.org\/{rel}","templated":true}]}}