{"id":2531,"date":"2017-08-07T12:14:47","date_gmt":"2017-08-07T16:14:47","guid":{"rendered":"https:\/\/central.ca\/cms4000\/?page_id=2531\/"},"modified":"2017-08-07T12:14:47","modified_gmt":"2017-08-07T16:14:47","slug":"ares-platine","status":"publish","type":"page","link":"https:\/\/central.ca\/fr\/ares-platine\/","title":{"rendered":"ARES Platine"},"content":{"rendered":"<p>ARES Platine vous am\u00e8nera l\u2019assurance de savoir que votre environnement PC est totalement prot\u00e9g\u00e9e avec cette offre compl\u00e8te.  Nous discuterons vos besoins en informatique afin de concevoir une strat\u00e9gie personnalis\u00e9e.  Lorsque nous \u00e9tablissons les exigences pour votre syst\u00e8me de bureau, notre plan r\u00e9alisera chacun des \u00e9tapes \u00e0 suivre dans l\u2019installation et configuration des PCs, et tiendra compte des interruptions impr\u00e9vues, achats non planifi\u00e9s, et m\u00eame des pannes d\u2019\u00e9quipement.  De plus, ARES vous permettra de lib\u00e9rer vos d\u00e9penses en capital en transf\u00e9rant cet allocation pour PCs \u00e0 vos d\u00e9penses op\u00e9rationnelles.<\/p>\n<p>ARES Platine est une service de support technique qui comprends tous mat\u00e9riel et accessoires pour vos PCs de bureau.  Chaque 3 ans, ARES am\u00e8nera de nouveaux renforts afin de garder \u00e0 jour votre mat\u00e9riel informatique.  Que vous utilisiez des ordinateurs de bureau, des portatifs, ou des Workstations, vous n\u2019avez pas \u00e0 perder votre temps \u00e0 magasiner et migrer tous vos fichiers et programmes.  Consolidez votre informatique avec ARES Platine.<\/p>\n<div class=\"row-fluid \"><\/div> <!-- .row-fluid (end) --><div class=\"span3\"><\/div><div class=\"title-box clearfix service-title1\"><h2 class=\"title-box_primary\">Avantages Cl\u00e9s:<\/h2><\/div><!-- \/\/.title-box --><div class=\"list styled custom-list\"><\/div>\n<ul>\n<li><span style=\"color: #0acfba;\">Installation et Configuration de Nouveaux \u00c9quipements<\/span><\/li>\n<li><span style=\"color: #0acfba;\">Garantie \u00e0 Vie sur le Mat\u00e9riel<\/span><\/li>\n<li><span style=\"color: #0acfba;\">Analyse Pr\u00e9dictive de la D\u00e9faillance Mat\u00e9rielle et Rem\u00e9diation<\/span><\/li>\n<li><span style=\"color: #0acfba;\">Mises \u00e0 jour Automatiques du Logiciel et D\u00e9finitions Antivirus<\/span><\/li>\n<li><span style=\"color: #0acfba;\">Co\u00fbt Mensuel Fixe Pr\u00e9visible<\/span><\/li>\n<li><span style=\"color: #0acfba;\">Surveillance \u00e0 Distance et Rapports Mensuels<\/span><\/li>\n<li><span style=\"color: #0acfba;\">Planification, Rafra\u00eechissement et Recyclage d'\u00c9quipement<\/span><\/li>\n<li><span style=\"color: #0acfba;\">Tous les PC et Accessoires Inclus<\/span><\/li>\n<li><span style=\"color: #0acfba;\">Examen Trimestriel Consultatif des Entreprises<\/span><\/li>\n<\/ul>\n","protected":false},"excerpt":{"rendered":"ARES Platine vous am\u00e8nera l\u2019assurance de savoir que votre environnement PC est totalement prot\u00e9g\u00e9e avec cette offre compl\u00e8te. Nous discuterons vos besoins en informatique afin de concevoir une strat\u00e9gie personnalis\u00e9e. Lorsque nous \u00e9tablissons les exigences pour votre syst\u00e8me de bureau, notre plan r\u00e9alisera chacun des \u00e9tapes \u00e0 suivre dans l\u2019installation et configuration des PCs, et tiendra compte des interruptions impr\u00e9vues,&nbsp;<a href=\"https:\/\/central.ca\/fr\/ares-platine\/\" class=\"read-more\">Lire la suite<\/a>","protected":false},"author":5,"featured_media":0,"parent":0,"menu_order":0,"comment_status":"closed","ping_status":"closed","template":"page-fullwidth.php","meta":{"footnotes":""},"class_list":["post-2531","page","type-page","status-publish","hentry"],"_links":{"self":[{"href":"https:\/\/central.ca\/fr\/wp-json\/wp\/v2\/pages\/2531","targetHints":{"allow":["GET"]}}],"collection":[{"href":"https:\/\/central.ca\/fr\/wp-json\/wp\/v2\/pages"}],"about":[{"href":"https:\/\/central.ca\/fr\/wp-json\/wp\/v2\/types\/page"}],"author":[{"embeddable":true,"href":"https:\/\/central.ca\/fr\/wp-json\/wp\/v2\/users\/5"}],"replies":[{"embeddable":true,"href":"https:\/\/central.ca\/fr\/wp-json\/wp\/v2\/comments?post=2531"}],"version-history":[{"count":0,"href":"https:\/\/central.ca\/fr\/wp-json\/wp\/v2\/pages\/2531\/revisions"}],"wp:attachment":[{"href":"https:\/\/central.ca\/fr\/wp-json\/wp\/v2\/media?parent=2531"}],"curies":[{"name":"wp","href":"https:\/\/api.w.org\/{rel}","templated":true}]}}