{"id":2529,"date":"2017-08-07T11:45:26","date_gmt":"2017-08-07T15:45:26","guid":{"rendered":"https:\/\/central.ca\/cms4000\/?page_id=2529\/"},"modified":"2017-08-07T11:45:26","modified_gmt":"2017-08-07T15:45:26","slug":"ares-or","status":"publish","type":"page","link":"https:\/\/central.ca\/fr\/ares-or\/","title":{"rendered":"ARES Or"},"content":{"rendered":"<p>Obtenez des r\u00e9sultats sur le champ de bataille avec ARES Or.  <\/p>\n<p>Exc\u00e9dez les b\u00e9n\u00e9fices des rapports mensuels en profitant d\u2019un rapport de situation sur le status de vos syst\u00e8mes en temps r\u00e9el.  Cela vous permettra de  pr\u00e9voir les incidents avant la perte de la partie.<\/p>\n<p>ARES Or \u00e9vitera les embuscades par des syst\u00e8mes d\u00e9fectueux en tenant l\u2019ennemi \u00e9loign\u00e9 de vos op\u00e9rations d\u2019entreprise.<\/p>\n<div class=\"row-fluid \"><\/div> <!-- .row-fluid (end) --><div class=\"span3\"><\/div><div class=\"title-box clearfix service-title1\"><h2 class=\"title-box_primary\">Avantages Cl\u00e9s:<\/h2><\/div><!-- \/\/.title-box --><div class=\"list styled custom-list\"><\/div>\n<ul>\n<li><span style=\"color: #0acfba;\">Co\u00fbt Fixe Pr\u00e9visible \u00e0 partir de $50\/mth<\/span><\/li>\n<li><span style=\"color: #0acfba;\">Surveillance \u00e0 Distance et Rapports Mensuels<\/span><\/li>\n<li><span style=\"color: #0acfba;\">Analyse Pr\u00e9dictive de la D\u00e9faillance Mat\u00e9rielle<\/span><\/li>\n<li><span style=\"color: #0acfba;\">Mises \u00e0 jour Automatiques du Logiciel et D\u00e9finitions Antivirus<\/span><\/li>\n<li><span style=\"color: #0acfba;\">Examen consultatif biannuel des entreprises<\/span><\/li>\n<\/ul>\n","protected":false},"excerpt":{"rendered":"Obtenez des r\u00e9sultats sur le champ de bataille avec ARES Or. Exc\u00e9dez les b\u00e9n\u00e9fices des rapports mensuels en profitant d\u2019un rapport de situation sur le status de vos syst\u00e8mes en temps r\u00e9el. Cela vous permettra de pr\u00e9voir les incidents avant la perte de la partie. ARES Or \u00e9vitera les embuscades par des syst\u00e8mes d\u00e9fectueux en tenant l\u2019ennemi \u00e9loign\u00e9 de vos&nbsp;<a href=\"https:\/\/central.ca\/fr\/ares-or\/\" class=\"read-more\">Lire la suite<\/a>","protected":false},"author":5,"featured_media":0,"parent":0,"menu_order":0,"comment_status":"closed","ping_status":"closed","template":"page-fullwidth.php","meta":{"footnotes":""},"class_list":["post-2529","page","type-page","status-publish","hentry"],"_links":{"self":[{"href":"https:\/\/central.ca\/fr\/wp-json\/wp\/v2\/pages\/2529","targetHints":{"allow":["GET"]}}],"collection":[{"href":"https:\/\/central.ca\/fr\/wp-json\/wp\/v2\/pages"}],"about":[{"href":"https:\/\/central.ca\/fr\/wp-json\/wp\/v2\/types\/page"}],"author":[{"embeddable":true,"href":"https:\/\/central.ca\/fr\/wp-json\/wp\/v2\/users\/5"}],"replies":[{"embeddable":true,"href":"https:\/\/central.ca\/fr\/wp-json\/wp\/v2\/comments?post=2529"}],"version-history":[{"count":0,"href":"https:\/\/central.ca\/fr\/wp-json\/wp\/v2\/pages\/2529\/revisions"}],"wp:attachment":[{"href":"https:\/\/central.ca\/fr\/wp-json\/wp\/v2\/media?parent=2529"}],"curies":[{"name":"wp","href":"https:\/\/api.w.org\/{rel}","templated":true}]}}