{"id":2524,"date":"2017-08-07T11:00:13","date_gmt":"2017-08-07T15:00:13","guid":{"rendered":"https:\/\/central.ca\/cms4000\/?page_id=2524\/"},"modified":"2017-08-07T11:25:55","modified_gmt":"2017-08-07T15:25:55","slug":"ares-argent","status":"publish","type":"page","link":"https:\/\/central.ca\/fr\/ares-argent\/","title":{"rendered":"ARES Argent"},"content":{"rendered":"<p>ARES Argent dissipera la brume de la guerre et mettra fin aux frictions informatiques. Trouvez la paix dans l\u2019am\u00e9nagement et gestion de vos ordinateurs de bureau.<\/p>\n<p>Selon l\u2019\u00e2ge et l\u2019utilisation, ARES recommandera des mises-\u00e0-jours ainsi que la remplacemnt des composantes cruciales pour l\u2019am\u00e9lioration continu de votre syst\u00e8me. Tout gr\u00e2ce au dispositif automatis\u00e9 de production de rapports mensuels,<\/p>\n<p>Ne tombez-pas dans la pi\u00e8ge, chargez l\u2019\u00e9tat et les performances de vos ordinateurs avec ARES.<\/p>\n<div class=\"row-fluid \"><\/div> <!-- .row-fluid (end) --><div class=\"span3\"><\/div><div class=\"title-box clearfix service-title1\"><h2 class=\"title-box_primary\">Avantages Cl\u00e9s:<\/h2><\/div><!-- \/\/.title-box --><div class=\"list styled custom-list\"><\/div>\n<ul>\n<li><span style=\"color: #0acfba;\">Co\u00fbt Fixe Pr\u00e9visible \u00e0 partir de $15\/mois<\/span><\/li>\n<li><span style=\"color: #0acfba;\">Surveillance Proactive et Rapports Mensuels<\/span><\/li>\n<li><span style=\"color: #0acfba;\">Recommandations de Mat\u00e9riel pour une Performance Maximale<\/span><\/li>\n<li><span style=\"color: #0acfba;\">Notification lorsque le logiciel cl\u00e9 est p\u00e9rim\u00e9<\/span><\/li>\n<li><span style=\"color: #0acfba;\">Examen Consultatif Annuel de l'entreprises<\/span><\/li>\n<\/ul>\n","protected":false},"excerpt":{"rendered":"ARES Argent dissipera la brume de la guerre et mettra fin aux frictions informatiques. Trouvez la paix dans l\u2019am\u00e9nagement et gestion de vos ordinateurs de bureau. Selon l\u2019\u00e2ge et l\u2019utilisation, ARES recommandera des mises-\u00e0-jours ainsi que la remplacemnt des composantes cruciales pour l\u2019am\u00e9lioration continu de votre syst\u00e8me. Tout gr\u00e2ce au dispositif automatis\u00e9 de production de rapports mensuels, Ne tombez-pas dans&nbsp;<a href=\"https:\/\/central.ca\/fr\/ares-argent\/\" class=\"read-more\">Lire la suite<\/a>","protected":false},"author":5,"featured_media":0,"parent":0,"menu_order":0,"comment_status":"closed","ping_status":"closed","template":"page-fullwidth.php","meta":{"footnotes":""},"class_list":["post-2524","page","type-page","status-publish","hentry"],"_links":{"self":[{"href":"https:\/\/central.ca\/fr\/wp-json\/wp\/v2\/pages\/2524","targetHints":{"allow":["GET"]}}],"collection":[{"href":"https:\/\/central.ca\/fr\/wp-json\/wp\/v2\/pages"}],"about":[{"href":"https:\/\/central.ca\/fr\/wp-json\/wp\/v2\/types\/page"}],"author":[{"embeddable":true,"href":"https:\/\/central.ca\/fr\/wp-json\/wp\/v2\/users\/5"}],"replies":[{"embeddable":true,"href":"https:\/\/central.ca\/fr\/wp-json\/wp\/v2\/comments?post=2524"}],"version-history":[{"count":0,"href":"https:\/\/central.ca\/fr\/wp-json\/wp\/v2\/pages\/2524\/revisions"}],"wp:attachment":[{"href":"https:\/\/central.ca\/fr\/wp-json\/wp\/v2\/media?parent=2524"}],"curies":[{"name":"wp","href":"https:\/\/api.w.org\/{rel}","templated":true}]}}